{"id":117,"date":"2016-10-05T11:47:27","date_gmt":"2016-10-05T11:47:27","guid":{"rendered":"http:\/\/localhost\/Themegrill\/wordpress_flash\/?page_id=117"},"modified":"2024-02-25T08:23:08","modified_gmt":"2024-02-25T07:23:08","slug":"contact-us","status":"publish","type":"page","link":"https:\/\/latinaja.es\/index.php\/contact-us\/","title":{"rendered":"Contacto"},"content":{"rendered":"<div id=\"pl-117\"  class=\"panel-layout\" ><div id=\"pg-117-0\"  class=\"panel-grid panel-has-style\" ><div class=\"panel-row-style panel-row-style-for-117-0\" ><div id=\"pgc-117-0-0\"  class=\"panel-grid-cell\" ><div id=\"panel-117-0-0-0\" class=\"so-panel widget widget_text panel-first-child\" data-index=\"0\" ><div class=\"panel-widget-style panel-widget-style-for-117-0-0-0\" ><h3 class=\"widget-title\">Si\u00e9ntase libre de escribirnos<\/h3>\t\t\t<div class=\"textwidget\"><\/div>\n\t\t<\/div><\/div><div id=\"panel-117-0-0-1\" class=\"so-panel widget widget_text\" data-index=\"1\" >\t\t\t<div class=\"textwidget\"><p>Contacte con nosotros para pedir informaci\u00f3n o lo que necesite, pero recuerde NO ACEPTAMOS RESERVAS POR CORREO ELECTRONICO!!!, puede que ese dia no miremos el correo por que estamos cocinando nuevos platos!!!<\/p>\n<\/div>\n\t\t<\/div><div id=\"panel-117-0-0-2\" class=\"so-panel widget widget_text panel-last-child\" data-index=\"2\" >\t\t\t<div class=\"textwidget\"><div class=\"everest-forms\"><div class=\"evf-container default\" id=\"evf-294\"><form id=\"evf-form-294\" class=\"everest-form\" data-formid=\"294\" data-ajax_submission=\"0\" data-keyboard_friendly_form=\"0\" method=\"post\" enctype=\"multipart\/form-data\" action=\"\/index.php\/wp-json\/wp\/v2\/pages\/117\"><div class=\"evf-field-container\"><input type=\"hidden\" id=\"_wpnonce294\" name=\"_wpnonce294\" value=\"2f49a7dbb5\" \/><input type=\"hidden\" name=\"_wp_http_referer\" value=\"\/index.php\/wp-json\/wp\/v2\/pages\/117\" \/><div class=\"evf-frontend-row\" data-row=\"row_1\" conditional_rules=\"[]\"><div class=\"evf-frontend-grid evf-grid-1\" data-grid=\"grid_1\"><div id=\"evf-294-field_name-container\" class=\"evf-field evf-field-text form-row validate-required\" data-required-field-message=\"Este campo es obligatorio.\" data-field-id=\"name\"><label class=\"evf-field-label\" for=\"evf-294-field_name\"><span class=\"evf-label\">Nombre<\/span> <abbr class=\"required\" title=\"Obligatorio\">*<\/abbr><\/label><input type=\"text\" id=\"evf-294-field_name\" class=\"input-text\" name=\"everest_forms[form_fields][name]\" required><\/div><div id=\"evf-294-field_email-container\" class=\"evf-field evf-field-email form-row validate-required validate-email\" data-required-field-message=\"Por favor, usa una direcci\u00f3n de correo electr\u00f3nico v\u00e1lida.\" data-field-id=\"email\"><label class=\"evf-field-label\" for=\"evf-294-field_email\"><span class=\"evf-label\">Correo electronico<\/span> <abbr class=\"required\" title=\"Obligatorio\">*<\/abbr><\/label><input type=\"email\" id=\"evf-294-field_email\" class=\"input-text\" name=\"everest_forms[form_fields][email]\" required ><\/div><div id=\"evf-294-field_subject-container\" class=\"evf-field evf-field-text form-row validate-required\" data-required-field-message=\"Este campo es obligatorio.\" data-field-id=\"subject\"><label class=\"evf-field-label\" for=\"evf-294-field_subject\"><span class=\"evf-label\">Asunto<\/span> <abbr class=\"required\" title=\"Obligatorio\">*<\/abbr><\/label><input type=\"text\" id=\"evf-294-field_subject\" class=\"input-text\" name=\"everest_forms[form_fields][subject]\" required><\/div><div id=\"evf-294-field_message-container\" class=\"evf-field evf-field-textarea form-row\" data-field-id=\"message\"><label class=\"evf-field-label\" for=\"evf-294-field_message\"><span class=\"evf-label\">Mensaje<\/span> <\/label><textarea id=\"evf-294-field_message\" class=\"input-text\" name=\"everest_forms[form_fields][message]\"  ><\/textarea><\/div><\/div><\/div><\/div><div class=\"evf-honeypot-container evf-field-hp\"><label for=\"evf-294-field-hp\" class=\"evf-field-label\">Email<\/label><input type=\"text\" name=\"everest_forms[hp]\" id=\"evf-294-field-hp\" class=\"input-text\"><\/div><div class=\"evf-recaptcha-container recaptcha-hidden\" style=\"display:block\"><input type=\"hidden\" name=\"everest_forms[recaptcha]\" value=\"\"><\/div><div class=\"evf-submit-container \" ><input type=\"hidden\" name=\"everest_forms[id]\" value=\"294\"><input type=\"hidden\" name=\"everest_forms[author]\" value=\"1\"><button type='submit' name='everest_forms[submit]' class='everest-forms-submit-button button evf-submit ' id='evf-submit-294' value='evf-submit' data-process-text=\"Procesando...\" conditional_rules='&quot;&quot;' conditional_id='evf-submit-294'  id=\"evf-submit-294\" aria-live=\"assertive\">Enviar<\/button><\/div><\/form><\/div><!-- .evf-container --><\/div>\n<\/div>\n\t\t<\/div><\/div><div id=\"pgc-117-0-1\"  class=\"panel-grid-cell\" ><div class=\"panel-cell-style panel-cell-style-for-117-0-1\" ><div id=\"panel-117-0-1-0\" class=\"so-panel widget widget_text panel-first-child\" data-index=\"3\" ><div class=\"panel-widget-style panel-widget-style-for-117-0-1-0\" ><h3 class=\"widget-title\">Denos un toque!!<\/h3>\t\t\t<div class=\"textwidget\"><\/div>\n\t\t<\/div><\/div><div id=\"panel-117-0-1-1\" class=\"so-panel widget widget_text\" data-index=\"4\" >\t\t\t<div class=\"textwidget\"><p><b>\u00a0Informaci\u00f3n de contacto:<\/b><\/p>\n<p>Tel\u00e9fono: 958662877<\/p>\n<p>Movil y Whatsapp: 629135673<\/p>\n<p>Carretera de Baza 77<\/p>\n<p>(Guadix) Granada 18500<\/p>\n<\/div>\n\t\t<\/div><div id=\"panel-117-0-1-2\" class=\"so-panel widget widget_text\" data-index=\"5\" >\t\t\t<div class=\"textwidget\"><p><strong>Horario de apertura<\/strong><\/p>\n<p>Mi\u00e9rcoles a Domingo<\/p>\n<p>12:00 a 16:30<\/p>\n<p>19:30 a 23:00<\/p>\n<p>Lunes<\/p>\n<p>12:00 a 16:30<\/p>\n<\/div>\n\t\t<\/div><div id=\"panel-117-0-1-3\" class=\"so-panel widget widget_text\" data-index=\"6\" >\t\t\t<div class=\"textwidget\"><p><strong>Follow Us On:<\/strong><\/p>\n<\/div>\n\t\t<\/div><div id=\"panel-117-0-1-4\" class=\"so-panel widget widget_sow-social-media-buttons panel-last-child\" data-index=\"7\" ><div\n\t\t\t\n\t\t\tclass=\"so-widget-sow-social-media-buttons so-widget-sow-social-media-buttons-atom-f17447a7385f-117\"\n\t\t\t\n\t\t>\n<h3 class=\"widget-title\">Social<\/h3>\n<div class=\"social-media-button-container\">\n\t\n\t\t<a \n\t\tclass=\"ow-button-hover sow-social-media-button-facebook-0 sow-social-media-button\" title=\"Facebook\" aria-label=\"Facebook\" target=\"_blank\" rel=\"noopener noreferrer\" href=\"https:\/\/www.facebook.com\/La-Tinaja-170208983019498\/\" \t\t>\n\t\t\t<span>\n\t\t\t\t\t\t\t\t<span class=\"sow-icon-fontawesome sow-fab\" data-sow-icon=\"&#xf39e;\"\n\t\t \n\t\taria-hidden=\"true\"><\/span>\t\t\t\t\t\t\t<\/span>\n\t\t<\/a>\n\t\n\t\t<a \n\t\tclass=\"ow-button-hover sow-social-media-button-x-twitter-0 sow-social-media-button\" title=\"twittwe\" aria-label=\"twittwe\" target=\"_blank\" rel=\"noopener noreferrer\" href=\"https:\/\/twitter.com\/tinaja_braseria\" \t\t>\n\t\t\t<span>\n\t\t\t\t\t\t\t\t<span class=\"sow-icon-fontawesome sow-fab\" data-sow-icon=\"&#xe61b;\"\n\t\t \n\t\taria-hidden=\"true\"><\/span>\t\t\t\t\t\t\t<\/span>\n\t\t<\/a>\n\t\n\t\t<a \n\t\tclass=\"ow-button-hover sow-social-media-button-instagram-0 sow-social-media-button\" title=\"Instagram\" aria-label=\"Instagram\" target=\"_blank\" rel=\"noopener noreferrer\" href=\"https:\/\/www.instagram.com\/la_tinaja_guadix\/?hl=es-la\" \t\t>\n\t\t\t<span>\n\t\t\t\t\t\t\t\t<span class=\"sow-icon-fontawesome sow-fab\" data-sow-icon=\"&#xf16d;\"\n\t\t \n\t\taria-hidden=\"true\"><\/span>\t\t\t\t\t\t\t<\/span>\n\t\t<\/a>\n\t\n\t\t<a \n\t\tclass=\"ow-button-hover sow-social-media-button--0 sow-social-media-button\" title=\"Braseria La Tinaja en \" aria-label=\"Braseria La Tinaja en \" target=\"_blank\" rel=\"noopener noreferrer\" \t\t>\n\t\t\t<span>\n\t\t\t\t\t\t\t\t\t\t\t\t\t\t\t<\/span>\n\t\t<\/a>\n\t<\/div>\n<\/div><\/div><\/div><\/div><\/div><\/div><\/div>","protected":false},"excerpt":{"rendered":"<p>Contacte con nosotros para pedir informaci\u00f3n o lo que necesite, pero recuerde NO ACEPTAMOS RESERVAS POR CORREO ELECTRONICO!!!, puede que [&hellip;]<\/p>\n","protected":false},"author":1,"featured_media":0,"parent":0,"menu_order":0,"comment_status":"closed","ping_status":"closed","template":"page-templates\/pagebuilder.php","meta":{"footnotes":""},"class_list":["post-117","page","type-page","status-publish","hentry"],"yoast_head":"<!-- This site is optimized with the Yoast SEO plugin v24.9 - https:\/\/yoast.com\/wordpress\/plugins\/seo\/ -->\n<title>Contacto &#8212; Braseria La Tinaja<\/title>\n<meta name=\"robots\" content=\"index, follow, max-snippet:-1, max-image-preview:large, max-video-preview:-1\" \/>\n<link rel=\"canonical\" href=\"https:\/\/latinaja.es\/index.php\/contact-us\/\" \/>\n<meta property=\"og:locale\" content=\"es_ES\" \/>\n<meta property=\"og:type\" content=\"article\" \/>\n<meta property=\"og:title\" content=\"Contacto &#8212; Braseria La Tinaja\" \/>\n<meta property=\"og:description\" content=\"Contacte con nosotros para pedir informaci\u00f3n o lo que necesite, pero recuerde NO ACEPTAMOS RESERVAS POR CORREO ELECTRONICO!!!, puede que [&hellip;]\" \/>\n<meta property=\"og:url\" content=\"https:\/\/latinaja.es\/index.php\/contact-us\/\" \/>\n<meta property=\"og:site_name\" content=\"Braseria La Tinaja\" \/>\n<meta property=\"article:publisher\" content=\"https:\/\/www.facebook.com\/tinajaguadix\/\" \/>\n<meta property=\"article:modified_time\" content=\"2024-02-25T07:23:08+00:00\" \/>\n<meta name=\"twitter:card\" content=\"summary_large_image\" \/>\n<meta name=\"twitter:site\" content=\"@tinaja_braseria\" \/>\n<meta name=\"twitter:label1\" content=\"Tiempo de lectura\" \/>\n\t<meta name=\"twitter:data1\" content=\"1 minuto\" \/>\n<script type=\"application\/ld+json\" class=\"yoast-schema-graph\">{\"@context\":\"https:\/\/schema.org\",\"@graph\":[{\"@type\":\"WebPage\",\"@id\":\"https:\/\/latinaja.es\/index.php\/contact-us\/\",\"url\":\"https:\/\/latinaja.es\/index.php\/contact-us\/\",\"name\":\"Contacto &#8212; Braseria La Tinaja\",\"isPartOf\":{\"@id\":\"https:\/\/latinaja.es\/#website\"},\"datePublished\":\"2016-10-05T11:47:27+00:00\",\"dateModified\":\"2024-02-25T07:23:08+00:00\",\"breadcrumb\":{\"@id\":\"https:\/\/latinaja.es\/index.php\/contact-us\/#breadcrumb\"},\"inLanguage\":\"es\",\"potentialAction\":[{\"@type\":\"ReadAction\",\"target\":[\"https:\/\/latinaja.es\/index.php\/contact-us\/\"]}]},{\"@type\":\"BreadcrumbList\",\"@id\":\"https:\/\/latinaja.es\/index.php\/contact-us\/#breadcrumb\",\"itemListElement\":[{\"@type\":\"ListItem\",\"position\":1,\"name\":\"Portada\",\"item\":\"https:\/\/latinaja.es\/\"},{\"@type\":\"ListItem\",\"position\":2,\"name\":\"Contacto\"}]},{\"@type\":\"WebSite\",\"@id\":\"https:\/\/latinaja.es\/#website\",\"url\":\"https:\/\/latinaja.es\/\",\"name\":\"Braseria La Tinaja\",\"description\":\"Web del restaurante La Tinaja\",\"publisher\":{\"@id\":\"https:\/\/latinaja.es\/#organization\"},\"potentialAction\":[{\"@type\":\"SearchAction\",\"target\":{\"@type\":\"EntryPoint\",\"urlTemplate\":\"https:\/\/latinaja.es\/?s={search_term_string}\"},\"query-input\":{\"@type\":\"PropertyValueSpecification\",\"valueRequired\":true,\"valueName\":\"search_term_string\"}}],\"inLanguage\":\"es\"},{\"@type\":\"Organization\",\"@id\":\"https:\/\/latinaja.es\/#organization\",\"name\":\"Braseria La Tinaja Guadix\",\"url\":\"https:\/\/latinaja.es\/\",\"logo\":{\"@type\":\"ImageObject\",\"inLanguage\":\"es\",\"@id\":\"https:\/\/latinaja.es\/#\/schema\/logo\/image\/\",\"url\":\"https:\/\/latinaja.es\/wp-content\/uploads\/2020\/11\/LOGOTIPO-PNG.png\",\"contentUrl\":\"https:\/\/latinaja.es\/wp-content\/uploads\/2020\/11\/LOGOTIPO-PNG.png\",\"width\":1654,\"height\":1181,\"caption\":\"Braseria La Tinaja Guadix\"},\"image\":{\"@id\":\"https:\/\/latinaja.es\/#\/schema\/logo\/image\/\"},\"sameAs\":[\"https:\/\/www.facebook.com\/tinajaguadix\/\",\"https:\/\/x.com\/tinaja_braseria\",\"https:\/\/www.instagram.com\/tinajaguadix\/\"]}]}<\/script>\n<!-- \/ Yoast SEO plugin. -->","yoast_head_json":{"title":"Contacto &#8212; Braseria La Tinaja","robots":{"index":"index","follow":"follow","max-snippet":"max-snippet:-1","max-image-preview":"max-image-preview:large","max-video-preview":"max-video-preview:-1"},"canonical":"https:\/\/latinaja.es\/index.php\/contact-us\/","og_locale":"es_ES","og_type":"article","og_title":"Contacto &#8212; Braseria La Tinaja","og_description":"Contacte con nosotros para pedir informaci\u00f3n o lo que necesite, pero recuerde NO ACEPTAMOS RESERVAS POR CORREO ELECTRONICO!!!, puede que [&hellip;]","og_url":"https:\/\/latinaja.es\/index.php\/contact-us\/","og_site_name":"Braseria La Tinaja","article_publisher":"https:\/\/www.facebook.com\/tinajaguadix\/","article_modified_time":"2024-02-25T07:23:08+00:00","twitter_card":"summary_large_image","twitter_site":"@tinaja_braseria","twitter_misc":{"Tiempo de lectura":"1 minuto"},"schema":{"@context":"https:\/\/schema.org","@graph":[{"@type":"WebPage","@id":"https:\/\/latinaja.es\/index.php\/contact-us\/","url":"https:\/\/latinaja.es\/index.php\/contact-us\/","name":"Contacto &#8212; Braseria La Tinaja","isPartOf":{"@id":"https:\/\/latinaja.es\/#website"},"datePublished":"2016-10-05T11:47:27+00:00","dateModified":"2024-02-25T07:23:08+00:00","breadcrumb":{"@id":"https:\/\/latinaja.es\/index.php\/contact-us\/#breadcrumb"},"inLanguage":"es","potentialAction":[{"@type":"ReadAction","target":["https:\/\/latinaja.es\/index.php\/contact-us\/"]}]},{"@type":"BreadcrumbList","@id":"https:\/\/latinaja.es\/index.php\/contact-us\/#breadcrumb","itemListElement":[{"@type":"ListItem","position":1,"name":"Portada","item":"https:\/\/latinaja.es\/"},{"@type":"ListItem","position":2,"name":"Contacto"}]},{"@type":"WebSite","@id":"https:\/\/latinaja.es\/#website","url":"https:\/\/latinaja.es\/","name":"Braseria La Tinaja","description":"Web del restaurante La Tinaja","publisher":{"@id":"https:\/\/latinaja.es\/#organization"},"potentialAction":[{"@type":"SearchAction","target":{"@type":"EntryPoint","urlTemplate":"https:\/\/latinaja.es\/?s={search_term_string}"},"query-input":{"@type":"PropertyValueSpecification","valueRequired":true,"valueName":"search_term_string"}}],"inLanguage":"es"},{"@type":"Organization","@id":"https:\/\/latinaja.es\/#organization","name":"Braseria La Tinaja Guadix","url":"https:\/\/latinaja.es\/","logo":{"@type":"ImageObject","inLanguage":"es","@id":"https:\/\/latinaja.es\/#\/schema\/logo\/image\/","url":"https:\/\/latinaja.es\/wp-content\/uploads\/2020\/11\/LOGOTIPO-PNG.png","contentUrl":"https:\/\/latinaja.es\/wp-content\/uploads\/2020\/11\/LOGOTIPO-PNG.png","width":1654,"height":1181,"caption":"Braseria La Tinaja Guadix"},"image":{"@id":"https:\/\/latinaja.es\/#\/schema\/logo\/image\/"},"sameAs":["https:\/\/www.facebook.com\/tinajaguadix\/","https:\/\/x.com\/tinaja_braseria","https:\/\/www.instagram.com\/tinajaguadix\/"]}]}},"_links":{"self":[{"href":"https:\/\/latinaja.es\/index.php\/wp-json\/wp\/v2\/pages\/117"}],"collection":[{"href":"https:\/\/latinaja.es\/index.php\/wp-json\/wp\/v2\/pages"}],"about":[{"href":"https:\/\/latinaja.es\/index.php\/wp-json\/wp\/v2\/types\/page"}],"author":[{"embeddable":true,"href":"https:\/\/latinaja.es\/index.php\/wp-json\/wp\/v2\/users\/1"}],"replies":[{"embeddable":true,"href":"https:\/\/latinaja.es\/index.php\/wp-json\/wp\/v2\/comments?post=117"}],"version-history":[{"count":11,"href":"https:\/\/latinaja.es\/index.php\/wp-json\/wp\/v2\/pages\/117\/revisions"}],"predecessor-version":[{"id":1610,"href":"https:\/\/latinaja.es\/index.php\/wp-json\/wp\/v2\/pages\/117\/revisions\/1610"}],"wp:attachment":[{"href":"https:\/\/latinaja.es\/index.php\/wp-json\/wp\/v2\/media?parent=117"}],"curies":[{"name":"wp","href":"https:\/\/api.w.org\/{rel}","templated":true}]}}