{"id":1274,"date":"2021-04-22T01:59:07","date_gmt":"2021-04-21T23:59:07","guid":{"rendered":"https:\/\/latinaja.es\/?page_id=1274"},"modified":"2022-04-27T20:32:50","modified_gmt":"2022-04-27T18:32:50","slug":"carnes-vacuno","status":"publish","type":"page","link":"https:\/\/latinaja.es\/index.php\/carnes-vacuno\/","title":{"rendered":"Productos de calidad certificada"},"content":{"rendered":"<div id=\"pl-1274\"  class=\"panel-layout\" ><div id=\"pg-1274-0\"  class=\"panel-grid panel-no-style\" ><div id=\"pgc-1274-0-0\"  class=\"panel-grid-cell\" ><div id=\"panel-1274-0-0-0\" class=\"so-panel widget widget_themegrill_flash_heading tg-widget section-title-wrapper panel-first-child\" data-index=\"0\" >\t<h3 class=\"section-title\">Todos nuestros productos de calidad certificada origen.<\/h3>\n\t<div class=\"section-description\">Que quiere decir esto, sencillo, sabes de donde es la carne que consumes cada d\u00eda, sabes de donde vienen los tomates, el aceite de oliva, \u00bfSabes lo que estas metiendo en tu cuerpo?<\/div>\n<\/div><div id=\"panel-1274-0-0-1\" class=\"so-panel widget widget_siteorigin-panels-builder panel-last-child\" data-index=\"1\" ><div id=\"pl-w62698c52e093f\"  class=\"panel-layout\" ><div id=\"pg-w62698c52e093f-0\"  class=\"panel-grid panel-no-style\" ><div id=\"pgc-w62698c52e093f-0-0\"  class=\"panel-grid-cell\" ><div id=\"panel-w62698c52e093f-0-0-0\" class=\"so-panel widget widget_themegrill_flash_image tg-widget tg-image-widget panel-first-child panel-last-child\" data-index=\"0\" >\t<a href=\"https:\/\/tradiciona.com\/\"><img decoding=\"async\" src=\"https:\/\/latinaja.es\/wp-content\/uploads\/2020\/05\/igo-png.png\" \/><\/a>\n<\/div><\/div><div id=\"pgc-w62698c52e093f-0-1\"  class=\"panel-grid-cell\" ><div id=\"panel-w62698c52e093f-0-1-0\" class=\"so-panel widget widget_themegrill_flash_image tg-widget tg-image-widget panel-first-child panel-last-child\" data-index=\"1\" >\t<a href=\"https:\/\/tradiciona.com\/\"><img decoding=\"async\" src=\"https:\/\/latinaja.es\/wp-content\/uploads\/2022\/04\/LOGO-TRADICIONA.png\" \/><\/a>\n<\/div><\/div><div id=\"pgc-w62698c52e093f-0-2\"  class=\"panel-grid-cell\" ><div id=\"panel-w62698c52e093f-0-2-0\" class=\"so-panel widget widget_text panel-first-child panel-last-child\" data-index=\"2\" ><h3 class=\"widget-title\">Cordero segure\u00f1o con IGP<\/h3>\t\t\t<div class=\"textwidget\"><p>Nuestro cordero tiene apellido: SEGURE\u00d1O<\/p>\n<p>El cordero segure\u00f1o es aquel que se encuentra dentro dentro de la IGP cordero seguro, esta esla zona geogr\u00e1fica definida para la IGP en la que tradicionalmente se ha venido explotando la especie ovina para la producci\u00f3n de cordero segure\u00f1o, encuadrada dentro de las denominadas Cordilleras B\u00e9ticas Orientales, se caracteriza por tener una altitud m\u00ednima de 500 metros, siendo a su vez dicha altitud el elemento delimitador de la zona, correspondiendo un total de 144 municipios pertenecientes a las provincias de Albacete, Almer\u00eda, Granada, Ja\u00e9n y Murcia.<\/p>\n<p>Haciendo click en la imagen puedes adquirir el cordero segure\u00f1o de nuestro proveedor de confianza \u201cTradiciona meet\u201d, una empresa de la comarca que trabaja los productos Km0.<\/p>\n<\/div>\n\t\t<\/div><\/div><\/div><div id=\"pg-w62698c52e093f-1\"  class=\"panel-grid panel-no-style\" ><div id=\"pgc-w62698c52e093f-1-0\"  class=\"panel-grid-cell\" ><div id=\"panel-w62698c52e093f-1-0-0\" class=\"so-panel widget widget_text panel-first-child panel-last-child\" data-index=\"3\" ><h3 class=\"widget-title\">Ternera de calidad de Guadix<\/h3>\t\t\t<div class=\"textwidget\"><p>Terneras de razas cruzadas, mayormente de la raza frisona, criadas en la comarca de Guadix, de la mejor manera posible, criadas todas ellas con el \u201cCertificado de bienestar animal\u201d<\/p>\n<p>Pinchando en la foto puedes ir a la tienda online de nuestro proveedor \u201cEl carbonero\u201d, carnicer\u00eda de nuestro pueblo que trabaja con productos de cercan\u00eda (como esta ternera)<\/p>\n<\/div>\n\t\t<\/div><\/div><div id=\"pgc-w62698c52e093f-1-1\"  class=\"panel-grid-cell\" ><div id=\"panel-w62698c52e093f-1-1-0\" class=\"so-panel widget widget_themegrill_flash_image tg-widget tg-image-widget panel-first-child panel-last-child\" data-index=\"4\" >\t<a href=\"https:\/\/www.instagram.com\/elcarbonerocarniceria\/\"><img decoding=\"async\" src=\"https:\/\/latinaja.es\/wp-content\/uploads\/2022\/04\/ternera-de-guadix.jpg\" \/><\/a>\n<\/div><\/div><\/div><div id=\"pg-w62698c52e093f-2\"  class=\"panel-grid panel-no-style\" ><div id=\"pgc-w62698c52e093f-2-0\"  class=\"panel-grid-cell\" ><div id=\"panel-w62698c52e093f-2-0-0\" class=\"so-panel widget widget_themegrill_flash_image tg-widget tg-image-widget panel-first-child panel-last-child\" data-index=\"5\" >\t<a href=\"https:\/\/www.facebook.com\/HuertaMamiAngustias\/\"><img decoding=\"async\" src=\"https:\/\/latinaja.es\/wp-content\/uploads\/2022\/04\/huerta-mami-angustias.jpg\" \/><\/a>\n<\/div><\/div><div id=\"pgc-w62698c52e093f-2-1\"  class=\"panel-grid-cell\" ><div id=\"panel-w62698c52e093f-2-1-0\" class=\"so-panel widget widget_text panel-first-child panel-last-child\" data-index=\"6\" ><h3 class=\"widget-title\">Huerta Mami Angustias<\/h3>\t\t\t<div class=\"textwidget\"><p>Nuestros tomates proceden (en temporada) de la huerta mami angustias, una finca que est\u00e1 situada en el t\u00e9rmino municipal de Guadix a unos casi mil metros de altitud en la cara norte del parque natural de Sierra Nevada, la calidez de nuestro clima en verano, ma\u00f1anas entre los 30\u00ba o 35\u00ba y noches con temperaturas medias de 16\u00ba hacen de nuestro clima el id\u00f3neo para este cultivo. Los tomates est\u00e1n seleccionados entre las mejores variedades y cultivado de forma respetuosa con el medio ambiente. El agua que utilizan en el riego es mineral pura, como la que tomas embotellada, garant\u00eda de salubridad y que interviene muy directamente en el producto final.<\/p>\n<p>&nbsp;<\/p>\n<p>Pinchando en la foto iras directo al Facebook de este proveedor tan querido por esta casa.<\/p>\n<\/div>\n\t\t<\/div><\/div><\/div><div id=\"pg-w62698c52e093f-3\"  class=\"panel-grid panel-no-style\" ><div id=\"pgc-w62698c52e093f-3-0\"  class=\"panel-grid-cell\" ><div id=\"panel-w62698c52e093f-3-0-0\" class=\"so-panel widget widget_text panel-first-child\" data-index=\"7\" ><h3 class=\"widget-title\">Nuestros aceites AOVE PREMIUM<\/h3>\t\t\t<div class=\"textwidget\"><p>Solo trabajamos con aceites AOVE \u00a0Premium de proveedores locales, como Echinac, Alma de Luna, Iznaoliva o Diez+oro, todos ellos se engloban dentro de la marca \u201csabor Granada\u201d de la cual formamos parte, en nuestro restaurante podr\u00e1s encontrar botellas de todas las variedades Premium de estas marcas, para regalar o para tu propio disfrute.<\/p>\n<\/div>\n\t\t<\/div><div id=\"panel-w62698c52e093f-3-0-1\" class=\"so-panel widget widget_media_image\" data-index=\"8\" ><h3 class=\"widget-title\">Aceite Iznaoliva<\/h3><img loading=\"lazy\" decoding=\"async\" width=\"356\" height=\"110\" src=\"https:\/\/latinaja.es\/wp-content\/uploads\/2022\/04\/iznaoliva.png\" class=\"image wp-image-1569  attachment-full size-full\" alt=\"iznaoliva logo\" style=\"max-width: 100%; height: auto;\" title=\"Aceite Iznaoliva\" srcset=\"https:\/\/latinaja.es\/wp-content\/uploads\/2022\/04\/iznaoliva.png 356w, https:\/\/latinaja.es\/wp-content\/uploads\/2022\/04\/iznaoliva-300x93.png 300w\" sizes=\"(max-width: 356px) 100vw, 356px\" \/><\/div><div id=\"panel-w62698c52e093f-3-0-2\" class=\"so-panel widget widget_media_image panel-last-child\" data-index=\"9\" ><h3 class=\"widget-title\">Aceite Diez+oro<\/h3><img loading=\"lazy\" decoding=\"async\" width=\"300\" height=\"142\" src=\"https:\/\/latinaja.es\/wp-content\/uploads\/2022\/04\/logo-diezma-oro-aceite-de-oliva-virgen-perpetuo-socorro-300x142-1.png\" class=\"image wp-image-1554  attachment-full size-full\" alt=\"Diezma oro\" style=\"max-width: 100%; height: auto;\" title=\"Aceite Diez+oro\" \/><\/div><\/div><div id=\"pgc-w62698c52e093f-3-1\"  class=\"panel-grid-cell\" ><div id=\"panel-w62698c52e093f-3-1-0\" class=\"so-panel widget widget_media_image panel-first-child\" data-index=\"10\" ><h3 class=\"widget-title\">Aceites echinac<\/h3><img loading=\"lazy\" decoding=\"async\" width=\"300\" height=\"169\" src=\"https:\/\/latinaja.es\/wp-content\/uploads\/2022\/04\/Echinac-Logo-Corporativo-300x169.png\" class=\"image wp-image-1553  attachment-medium size-medium\" alt=\"Echinac\" style=\"max-width: 100%; height: auto;\" title=\"Aceites echinac\" srcset=\"https:\/\/latinaja.es\/wp-content\/uploads\/2022\/04\/Echinac-Logo-Corporativo-300x169.png 300w, https:\/\/latinaja.es\/wp-content\/uploads\/2022\/04\/Echinac-Logo-Corporativo.png 688w\" sizes=\"(max-width: 300px) 100vw, 300px\" \/><\/div><div id=\"panel-w62698c52e093f-3-1-1\" class=\"so-panel widget widget_media_image panel-last-child\" data-index=\"11\" ><h3 class=\"widget-title\">Aceite alma de Luna<\/h3><img loading=\"lazy\" decoding=\"async\" width=\"300\" height=\"268\" src=\"https:\/\/latinaja.es\/wp-content\/uploads\/2020\/05\/LOGOTIPO-ALMA-DE-LUNA-300x268.jpg\" class=\"image wp-image-898  attachment-medium size-medium\" alt=\"\" style=\"max-width: 100%; height: auto;\" srcset=\"https:\/\/latinaja.es\/wp-content\/uploads\/2020\/05\/LOGOTIPO-ALMA-DE-LUNA-300x268.jpg 300w, https:\/\/latinaja.es\/wp-content\/uploads\/2020\/05\/LOGOTIPO-ALMA-DE-LUNA-1024x916.jpg 1024w, https:\/\/latinaja.es\/wp-content\/uploads\/2020\/05\/LOGOTIPO-ALMA-DE-LUNA-768x687.jpg 768w, https:\/\/latinaja.es\/wp-content\/uploads\/2020\/05\/LOGOTIPO-ALMA-DE-LUNA-1536x1374.jpg 1536w, https:\/\/latinaja.es\/wp-content\/uploads\/2020\/05\/LOGOTIPO-ALMA-DE-LUNA-2048x1831.jpg 2048w, https:\/\/latinaja.es\/wp-content\/uploads\/2020\/05\/LOGOTIPO-ALMA-DE-LUNA-600x537.jpg 600w\" sizes=\"(max-width: 300px) 100vw, 300px\" \/><\/div><\/div><\/div><\/div><\/div><\/div><\/div><\/div>","protected":false},"excerpt":{"rendered":"<p>Todos nuestros productos de calidad certificada origen. Que quiere decir esto, sencillo, sabes de donde es la carne que consumes [&hellip;]<\/p>\n","protected":false},"author":1,"featured_media":0,"parent":0,"menu_order":0,"comment_status":"closed","ping_status":"closed","template":"","meta":{"footnotes":""},"class_list":["post-1274","page","type-page","status-publish","hentry"],"yoast_head":"<!-- This site is optimized with the Yoast SEO plugin v24.9 - https:\/\/yoast.com\/wordpress\/plugins\/seo\/ -->\n<title>Productos de calidad certificada &#8212; Braseria La Tinaja<\/title>\n<meta name=\"description\" content=\"Selecci\u00f3n de carnes de vacuno a la brasa, como solomillo, Iruki, ternera de Guadix madurada en manteca, entrecot irland\u00e9s, etc..\" \/>\n<meta name=\"robots\" content=\"index, follow, max-snippet:-1, max-image-preview:large, max-video-preview:-1\" \/>\n<link rel=\"canonical\" href=\"https:\/\/latinaja.es\/index.php\/carnes-vacuno\/\" \/>\n<meta property=\"og:locale\" content=\"es_ES\" \/>\n<meta property=\"og:type\" content=\"article\" \/>\n<meta property=\"og:title\" content=\"Productos de calidad certificada &#8212; Braseria La Tinaja\" \/>\n<meta property=\"og:description\" content=\"Selecci\u00f3n de carnes de vacuno a la brasa, como solomillo, Iruki, ternera de Guadix madurada en manteca, entrecot irland\u00e9s, etc..\" \/>\n<meta property=\"og:url\" content=\"https:\/\/latinaja.es\/index.php\/carnes-vacuno\/\" \/>\n<meta property=\"og:site_name\" content=\"Braseria La Tinaja\" \/>\n<meta property=\"article:publisher\" content=\"https:\/\/www.facebook.com\/tinajaguadix\/\" \/>\n<meta property=\"article:modified_time\" content=\"2022-04-27T18:32:50+00:00\" \/>\n<meta name=\"twitter:card\" content=\"summary_large_image\" \/>\n<meta name=\"twitter:site\" content=\"@tinaja_braseria\" \/>\n<meta name=\"twitter:label1\" content=\"Tiempo de lectura\" \/>\n\t<meta name=\"twitter:data1\" content=\"1 minuto\" \/>\n<script type=\"application\/ld+json\" class=\"yoast-schema-graph\">{\"@context\":\"https:\/\/schema.org\",\"@graph\":[{\"@type\":\"WebPage\",\"@id\":\"https:\/\/latinaja.es\/index.php\/carnes-vacuno\/\",\"url\":\"https:\/\/latinaja.es\/index.php\/carnes-vacuno\/\",\"name\":\"Productos de calidad certificada &#8212; Braseria La Tinaja\",\"isPartOf\":{\"@id\":\"https:\/\/latinaja.es\/#website\"},\"datePublished\":\"2021-04-21T23:59:07+00:00\",\"dateModified\":\"2022-04-27T18:32:50+00:00\",\"description\":\"Selecci\u00f3n de carnes de vacuno a la brasa, como solomillo, Iruki, ternera de Guadix madurada en manteca, entrecot irland\u00e9s, etc..\",\"breadcrumb\":{\"@id\":\"https:\/\/latinaja.es\/index.php\/carnes-vacuno\/#breadcrumb\"},\"inLanguage\":\"es\",\"potentialAction\":[{\"@type\":\"ReadAction\",\"target\":[\"https:\/\/latinaja.es\/index.php\/carnes-vacuno\/\"]}]},{\"@type\":\"BreadcrumbList\",\"@id\":\"https:\/\/latinaja.es\/index.php\/carnes-vacuno\/#breadcrumb\",\"itemListElement\":[{\"@type\":\"ListItem\",\"position\":1,\"name\":\"Portada\",\"item\":\"https:\/\/latinaja.es\/\"},{\"@type\":\"ListItem\",\"position\":2,\"name\":\"Productos de calidad certificada\"}]},{\"@type\":\"WebSite\",\"@id\":\"https:\/\/latinaja.es\/#website\",\"url\":\"https:\/\/latinaja.es\/\",\"name\":\"Braseria La Tinaja\",\"description\":\"Web del restaurante La Tinaja\",\"publisher\":{\"@id\":\"https:\/\/latinaja.es\/#organization\"},\"potentialAction\":[{\"@type\":\"SearchAction\",\"target\":{\"@type\":\"EntryPoint\",\"urlTemplate\":\"https:\/\/latinaja.es\/?s={search_term_string}\"},\"query-input\":{\"@type\":\"PropertyValueSpecification\",\"valueRequired\":true,\"valueName\":\"search_term_string\"}}],\"inLanguage\":\"es\"},{\"@type\":\"Organization\",\"@id\":\"https:\/\/latinaja.es\/#organization\",\"name\":\"Braseria La Tinaja Guadix\",\"url\":\"https:\/\/latinaja.es\/\",\"logo\":{\"@type\":\"ImageObject\",\"inLanguage\":\"es\",\"@id\":\"https:\/\/latinaja.es\/#\/schema\/logo\/image\/\",\"url\":\"https:\/\/latinaja.es\/wp-content\/uploads\/2020\/11\/LOGOTIPO-PNG.png\",\"contentUrl\":\"https:\/\/latinaja.es\/wp-content\/uploads\/2020\/11\/LOGOTIPO-PNG.png\",\"width\":1654,\"height\":1181,\"caption\":\"Braseria La Tinaja Guadix\"},\"image\":{\"@id\":\"https:\/\/latinaja.es\/#\/schema\/logo\/image\/\"},\"sameAs\":[\"https:\/\/www.facebook.com\/tinajaguadix\/\",\"https:\/\/x.com\/tinaja_braseria\",\"https:\/\/www.instagram.com\/tinajaguadix\/\"]}]}<\/script>\n<!-- \/ Yoast SEO plugin. -->","yoast_head_json":{"title":"Productos de calidad certificada &#8212; Braseria La Tinaja","description":"Selecci\u00f3n de carnes de vacuno a la brasa, como solomillo, Iruki, ternera de Guadix madurada en manteca, entrecot irland\u00e9s, etc..","robots":{"index":"index","follow":"follow","max-snippet":"max-snippet:-1","max-image-preview":"max-image-preview:large","max-video-preview":"max-video-preview:-1"},"canonical":"https:\/\/latinaja.es\/index.php\/carnes-vacuno\/","og_locale":"es_ES","og_type":"article","og_title":"Productos de calidad certificada &#8212; Braseria La Tinaja","og_description":"Selecci\u00f3n de carnes de vacuno a la brasa, como solomillo, Iruki, ternera de Guadix madurada en manteca, entrecot irland\u00e9s, etc..","og_url":"https:\/\/latinaja.es\/index.php\/carnes-vacuno\/","og_site_name":"Braseria La Tinaja","article_publisher":"https:\/\/www.facebook.com\/tinajaguadix\/","article_modified_time":"2022-04-27T18:32:50+00:00","twitter_card":"summary_large_image","twitter_site":"@tinaja_braseria","twitter_misc":{"Tiempo de lectura":"1 minuto"},"schema":{"@context":"https:\/\/schema.org","@graph":[{"@type":"WebPage","@id":"https:\/\/latinaja.es\/index.php\/carnes-vacuno\/","url":"https:\/\/latinaja.es\/index.php\/carnes-vacuno\/","name":"Productos de calidad certificada &#8212; Braseria La Tinaja","isPartOf":{"@id":"https:\/\/latinaja.es\/#website"},"datePublished":"2021-04-21T23:59:07+00:00","dateModified":"2022-04-27T18:32:50+00:00","description":"Selecci\u00f3n de carnes de vacuno a la brasa, como solomillo, Iruki, ternera de Guadix madurada en manteca, entrecot irland\u00e9s, etc..","breadcrumb":{"@id":"https:\/\/latinaja.es\/index.php\/carnes-vacuno\/#breadcrumb"},"inLanguage":"es","potentialAction":[{"@type":"ReadAction","target":["https:\/\/latinaja.es\/index.php\/carnes-vacuno\/"]}]},{"@type":"BreadcrumbList","@id":"https:\/\/latinaja.es\/index.php\/carnes-vacuno\/#breadcrumb","itemListElement":[{"@type":"ListItem","position":1,"name":"Portada","item":"https:\/\/latinaja.es\/"},{"@type":"ListItem","position":2,"name":"Productos de calidad certificada"}]},{"@type":"WebSite","@id":"https:\/\/latinaja.es\/#website","url":"https:\/\/latinaja.es\/","name":"Braseria La Tinaja","description":"Web del restaurante La Tinaja","publisher":{"@id":"https:\/\/latinaja.es\/#organization"},"potentialAction":[{"@type":"SearchAction","target":{"@type":"EntryPoint","urlTemplate":"https:\/\/latinaja.es\/?s={search_term_string}"},"query-input":{"@type":"PropertyValueSpecification","valueRequired":true,"valueName":"search_term_string"}}],"inLanguage":"es"},{"@type":"Organization","@id":"https:\/\/latinaja.es\/#organization","name":"Braseria La Tinaja Guadix","url":"https:\/\/latinaja.es\/","logo":{"@type":"ImageObject","inLanguage":"es","@id":"https:\/\/latinaja.es\/#\/schema\/logo\/image\/","url":"https:\/\/latinaja.es\/wp-content\/uploads\/2020\/11\/LOGOTIPO-PNG.png","contentUrl":"https:\/\/latinaja.es\/wp-content\/uploads\/2020\/11\/LOGOTIPO-PNG.png","width":1654,"height":1181,"caption":"Braseria La Tinaja Guadix"},"image":{"@id":"https:\/\/latinaja.es\/#\/schema\/logo\/image\/"},"sameAs":["https:\/\/www.facebook.com\/tinajaguadix\/","https:\/\/x.com\/tinaja_braseria","https:\/\/www.instagram.com\/tinajaguadix\/"]}]}},"_links":{"self":[{"href":"https:\/\/latinaja.es\/index.php\/wp-json\/wp\/v2\/pages\/1274"}],"collection":[{"href":"https:\/\/latinaja.es\/index.php\/wp-json\/wp\/v2\/pages"}],"about":[{"href":"https:\/\/latinaja.es\/index.php\/wp-json\/wp\/v2\/types\/page"}],"author":[{"embeddable":true,"href":"https:\/\/latinaja.es\/index.php\/wp-json\/wp\/v2\/users\/1"}],"replies":[{"embeddable":true,"href":"https:\/\/latinaja.es\/index.php\/wp-json\/wp\/v2\/comments?post=1274"}],"version-history":[{"count":21,"href":"https:\/\/latinaja.es\/index.php\/wp-json\/wp\/v2\/pages\/1274\/revisions"}],"predecessor-version":[{"id":1577,"href":"https:\/\/latinaja.es\/index.php\/wp-json\/wp\/v2\/pages\/1274\/revisions\/1577"}],"wp:attachment":[{"href":"https:\/\/latinaja.es\/index.php\/wp-json\/wp\/v2\/media?parent=1274"}],"curies":[{"name":"wp","href":"https:\/\/api.w.org\/{rel}","templated":true}]}}