{"id":1442,"date":"2022-04-25T23:05:25","date_gmt":"2022-04-25T21:05:25","guid":{"rendered":"https:\/\/latinaja.es\/?page_id=1442"},"modified":"2022-04-27T18:58:47","modified_gmt":"2022-04-27T16:58:47","slug":"asesoria-gastronomica","status":"publish","type":"page","link":"https:\/\/latinaja.es\/index.php\/asesoria-gastronomica\/","title":{"rendered":"Asesoria gastronomica"},"content":{"rendered":"<div id=\"pl-1442\"  class=\"panel-layout\" ><div id=\"pg-1442-0\"  class=\"panel-grid panel-no-style\" ><div id=\"pgc-1442-0-0\"  class=\"panel-grid-cell\" ><div id=\"panel-1442-0-0-0\" class=\"so-panel widget widget_themegrill_flash_heading tg-widget section-title-wrapper panel-first-child\" data-index=\"0\" >\t<h3 class=\"section-title\">Asesoria Gastronomica<\/h3>\n\t<div class=\"section-description\">Nuestro cheff Mario P\u00e9rez ofrece asesoria gastronomica de forma altruista en nombre de La Tinaja<\/div>\n<\/div><div id=\"panel-1442-0-0-1\" class=\"so-panel widget widget_siteorigin-panels-builder\" data-index=\"1\" ><div id=\"pl-w62697647d9920\"  class=\"panel-layout\" ><div id=\"pg-w62697647d9920-0\"  class=\"panel-grid panel-no-style\" ><div id=\"pgc-w62697647d9920-0-0\"  class=\"panel-grid-cell\" ><div id=\"panel-w62697647d9920-0-0-0\" class=\"so-panel widget widget_themegrill_flash_image tg-widget tg-image-widget panel-first-child panel-last-child\" data-index=\"0\" >\t<a href=\"http:\/\/Foto%20de%20comida%20restaurante%20creado%20por%20KamranAydinov%20-%20www.freepik.es\"><img decoding=\"async\" src=\"https:\/\/latinaja.es\/wp-content\/uploads\/2022\/04\/cocina-mas-verduras-scaled.jpg\" \/><\/a>\n<\/div><\/div><div id=\"pgc-w62697647d9920-0-1\"  class=\"panel-grid-cell\" ><div id=\"panel-w62697647d9920-0-1-0\" class=\"so-panel widget widget_text panel-first-child panel-last-child\" data-index=\"1\" ><h3 class=\"widget-title\">Nuestra responsabilidad social<\/h3>\t\t\t<div class=\"textwidget\"><p>Como una persona amante de la cocina, amante de su tierra y de los productos de cercan\u00eda, tambi\u00e9n conocidos como km0, nuestro chef Mario P\u00e9rez nos propuso emprender este proyecto de asesoramiento gratuito para todos aquellos locales y negocios que deseen implantar una cocina basada en el producto local, basada en el respeto a las tradiciones, pero sin perder de vista la modernidad.<\/p>\n<p>Una labor de asesoramiento donde la mayor recompensa es ayudar a nuestros compa\u00f1eros de profesi\u00f3n a enfocar su cocina y locales en el respeto al producto, respeto al medio ambiente y a colaborar con los productores locales.<\/p>\n<p>Una labor de responsabilidad social que asumimos encantados para devolver\u00a0a nuestra sociedad lo que tanto nos ha dado.<\/p>\n<\/div>\n\t\t<\/div><\/div><\/div><\/div><\/div><div id=\"panel-1442-0-0-2\" class=\"so-panel widget widget_siteorigin-panels-builder panel-last-child\" data-index=\"2\" ><div id=\"pl-w62697647d9adf\"  class=\"panel-layout\" ><div id=\"pg-w62697647d9adf-0\"  class=\"panel-grid panel-no-style\" ><div id=\"pgc-w62697647d9adf-0-0\"  class=\"panel-grid-cell\" ><div id=\"panel-w62697647d9adf-0-0-0\" class=\"so-panel widget widget_text panel-first-child panel-last-child\" data-index=\"0\" ><h3 class=\"widget-title\">En qu\u00e9 consiste<\/h3>\t\t\t<div class=\"textwidget\"><p>Nuestro asesoramiento est\u00e1 pensado para ayudarte a progresar y transformar tu negocio en una iniciativa innovadora y comprometida con el medio ambiente, los productos de cercan\u00eda y de temporada y los productores locales.<\/p>\n<p>A partir de este particular enfoque culinario, compras locales y conocimiento del producto, la consultor\u00eda gastron\u00f3mica incluye:<\/p>\n<ul>\n<li>Propuesta de nuevo concepto culinario saludable, sostenible y de cercan\u00eda.<\/li>\n<li>Te asesoramos sobre alimentaci\u00f3n saludable y producto<\/li>\n<li>Juntos mejoraremos la carta, men\u00fa y oferta gastron\u00f3mica<\/li>\n<li>Propuesta para la presentaci\u00f3n y emplatado de la oferta gastron\u00f3mica<\/li>\n<li>Formaremos a tu personal en todos estos conceptos<\/li>\n<li>Mejoraremos tu huella ecol\u00f3gica<\/li>\n<\/ul>\n<\/div>\n\t\t<\/div><\/div><div id=\"pgc-w62697647d9adf-0-1\"  class=\"panel-grid-cell\" ><div id=\"panel-w62697647d9adf-0-1-0\" class=\"so-panel widget widget_media_image panel-first-child panel-last-child\" data-index=\"1\" ><img loading=\"lazy\" decoding=\"async\" width=\"450\" height=\"432\" src=\"https:\/\/latinaja.es\/wp-content\/uploads\/2022\/04\/LOGO-KM-0-768x738.jpg\" class=\"image wp-image-1446  attachment-450x432 size-450x432\" alt=\"logo km0\" style=\"max-width: 100%; height: auto;\" srcset=\"https:\/\/latinaja.es\/wp-content\/uploads\/2022\/04\/LOGO-KM-0-768x738.jpg 768w, https:\/\/latinaja.es\/wp-content\/uploads\/2022\/04\/LOGO-KM-0-300x288.jpg 300w, https:\/\/latinaja.es\/wp-content\/uploads\/2022\/04\/LOGO-KM-0.jpg 1024w\" sizes=\"(max-width: 450px) 100vw, 450px\" \/><\/div><\/div><\/div><\/div><\/div><\/div><\/div><\/div>","protected":false},"excerpt":{"rendered":"<p>Asesoria Gastronomica Nuestro cheff Mario P\u00e9rez ofrece asesoria gastronomica de forma altruista en nombre de La Tinaja Nuestra responsabilidad social [&hellip;]<\/p>\n","protected":false},"author":1,"featured_media":0,"parent":0,"menu_order":0,"comment_status":"closed","ping_status":"closed","template":"","meta":{"footnotes":""},"class_list":["post-1442","page","type-page","status-publish","hentry"],"yoast_head":"<!-- This site is optimized with the Yoast SEO plugin v24.9 - https:\/\/yoast.com\/wordpress\/plugins\/seo\/ -->\n<title>Asesoria gastronomica &#8212; Braseria La Tinaja<\/title>\n<meta name=\"robots\" content=\"index, follow, max-snippet:-1, max-image-preview:large, max-video-preview:-1\" \/>\n<link rel=\"canonical\" href=\"https:\/\/latinaja.es\/index.php\/asesoria-gastronomica\/\" \/>\n<meta property=\"og:locale\" content=\"es_ES\" \/>\n<meta property=\"og:type\" content=\"article\" \/>\n<meta property=\"og:title\" content=\"Asesoria gastronomica &#8212; Braseria La Tinaja\" \/>\n<meta property=\"og:description\" content=\"Asesoria Gastronomica Nuestro cheff Mario P\u00e9rez ofrece asesoria gastronomica de forma altruista en nombre de La Tinaja Nuestra responsabilidad social [&hellip;]\" \/>\n<meta property=\"og:url\" content=\"https:\/\/latinaja.es\/index.php\/asesoria-gastronomica\/\" \/>\n<meta property=\"og:site_name\" content=\"Braseria La Tinaja\" \/>\n<meta property=\"article:publisher\" content=\"https:\/\/www.facebook.com\/tinajaguadix\/\" \/>\n<meta property=\"article:modified_time\" content=\"2022-04-27T16:58:47+00:00\" \/>\n<meta name=\"twitter:card\" content=\"summary_large_image\" \/>\n<meta name=\"twitter:site\" content=\"@tinaja_braseria\" \/>\n<meta name=\"twitter:label1\" content=\"Tiempo de lectura\" \/>\n\t<meta name=\"twitter:data1\" content=\"2 minutos\" \/>\n<script type=\"application\/ld+json\" class=\"yoast-schema-graph\">{\"@context\":\"https:\/\/schema.org\",\"@graph\":[{\"@type\":\"WebPage\",\"@id\":\"https:\/\/latinaja.es\/index.php\/asesoria-gastronomica\/\",\"url\":\"https:\/\/latinaja.es\/index.php\/asesoria-gastronomica\/\",\"name\":\"Asesoria gastronomica &#8212; Braseria La Tinaja\",\"isPartOf\":{\"@id\":\"https:\/\/latinaja.es\/#website\"},\"datePublished\":\"2022-04-25T21:05:25+00:00\",\"dateModified\":\"2022-04-27T16:58:47+00:00\",\"breadcrumb\":{\"@id\":\"https:\/\/latinaja.es\/index.php\/asesoria-gastronomica\/#breadcrumb\"},\"inLanguage\":\"es\",\"potentialAction\":[{\"@type\":\"ReadAction\",\"target\":[\"https:\/\/latinaja.es\/index.php\/asesoria-gastronomica\/\"]}]},{\"@type\":\"BreadcrumbList\",\"@id\":\"https:\/\/latinaja.es\/index.php\/asesoria-gastronomica\/#breadcrumb\",\"itemListElement\":[{\"@type\":\"ListItem\",\"position\":1,\"name\":\"Portada\",\"item\":\"https:\/\/latinaja.es\/\"},{\"@type\":\"ListItem\",\"position\":2,\"name\":\"Asesoria gastronomica\"}]},{\"@type\":\"WebSite\",\"@id\":\"https:\/\/latinaja.es\/#website\",\"url\":\"https:\/\/latinaja.es\/\",\"name\":\"Braseria La Tinaja\",\"description\":\"Web del restaurante La Tinaja\",\"publisher\":{\"@id\":\"https:\/\/latinaja.es\/#organization\"},\"potentialAction\":[{\"@type\":\"SearchAction\",\"target\":{\"@type\":\"EntryPoint\",\"urlTemplate\":\"https:\/\/latinaja.es\/?s={search_term_string}\"},\"query-input\":{\"@type\":\"PropertyValueSpecification\",\"valueRequired\":true,\"valueName\":\"search_term_string\"}}],\"inLanguage\":\"es\"},{\"@type\":\"Organization\",\"@id\":\"https:\/\/latinaja.es\/#organization\",\"name\":\"Braseria La Tinaja Guadix\",\"url\":\"https:\/\/latinaja.es\/\",\"logo\":{\"@type\":\"ImageObject\",\"inLanguage\":\"es\",\"@id\":\"https:\/\/latinaja.es\/#\/schema\/logo\/image\/\",\"url\":\"https:\/\/latinaja.es\/wp-content\/uploads\/2020\/11\/LOGOTIPO-PNG.png\",\"contentUrl\":\"https:\/\/latinaja.es\/wp-content\/uploads\/2020\/11\/LOGOTIPO-PNG.png\",\"width\":1654,\"height\":1181,\"caption\":\"Braseria La Tinaja Guadix\"},\"image\":{\"@id\":\"https:\/\/latinaja.es\/#\/schema\/logo\/image\/\"},\"sameAs\":[\"https:\/\/www.facebook.com\/tinajaguadix\/\",\"https:\/\/x.com\/tinaja_braseria\",\"https:\/\/www.instagram.com\/tinajaguadix\/\"]}]}<\/script>\n<!-- \/ Yoast SEO plugin. -->","yoast_head_json":{"title":"Asesoria gastronomica &#8212; Braseria La Tinaja","robots":{"index":"index","follow":"follow","max-snippet":"max-snippet:-1","max-image-preview":"max-image-preview:large","max-video-preview":"max-video-preview:-1"},"canonical":"https:\/\/latinaja.es\/index.php\/asesoria-gastronomica\/","og_locale":"es_ES","og_type":"article","og_title":"Asesoria gastronomica &#8212; Braseria La Tinaja","og_description":"Asesoria Gastronomica Nuestro cheff Mario P\u00e9rez ofrece asesoria gastronomica de forma altruista en nombre de La Tinaja Nuestra responsabilidad social [&hellip;]","og_url":"https:\/\/latinaja.es\/index.php\/asesoria-gastronomica\/","og_site_name":"Braseria La Tinaja","article_publisher":"https:\/\/www.facebook.com\/tinajaguadix\/","article_modified_time":"2022-04-27T16:58:47+00:00","twitter_card":"summary_large_image","twitter_site":"@tinaja_braseria","twitter_misc":{"Tiempo de lectura":"2 minutos"},"schema":{"@context":"https:\/\/schema.org","@graph":[{"@type":"WebPage","@id":"https:\/\/latinaja.es\/index.php\/asesoria-gastronomica\/","url":"https:\/\/latinaja.es\/index.php\/asesoria-gastronomica\/","name":"Asesoria gastronomica &#8212; Braseria La Tinaja","isPartOf":{"@id":"https:\/\/latinaja.es\/#website"},"datePublished":"2022-04-25T21:05:25+00:00","dateModified":"2022-04-27T16:58:47+00:00","breadcrumb":{"@id":"https:\/\/latinaja.es\/index.php\/asesoria-gastronomica\/#breadcrumb"},"inLanguage":"es","potentialAction":[{"@type":"ReadAction","target":["https:\/\/latinaja.es\/index.php\/asesoria-gastronomica\/"]}]},{"@type":"BreadcrumbList","@id":"https:\/\/latinaja.es\/index.php\/asesoria-gastronomica\/#breadcrumb","itemListElement":[{"@type":"ListItem","position":1,"name":"Portada","item":"https:\/\/latinaja.es\/"},{"@type":"ListItem","position":2,"name":"Asesoria gastronomica"}]},{"@type":"WebSite","@id":"https:\/\/latinaja.es\/#website","url":"https:\/\/latinaja.es\/","name":"Braseria La Tinaja","description":"Web del restaurante La Tinaja","publisher":{"@id":"https:\/\/latinaja.es\/#organization"},"potentialAction":[{"@type":"SearchAction","target":{"@type":"EntryPoint","urlTemplate":"https:\/\/latinaja.es\/?s={search_term_string}"},"query-input":{"@type":"PropertyValueSpecification","valueRequired":true,"valueName":"search_term_string"}}],"inLanguage":"es"},{"@type":"Organization","@id":"https:\/\/latinaja.es\/#organization","name":"Braseria La Tinaja Guadix","url":"https:\/\/latinaja.es\/","logo":{"@type":"ImageObject","inLanguage":"es","@id":"https:\/\/latinaja.es\/#\/schema\/logo\/image\/","url":"https:\/\/latinaja.es\/wp-content\/uploads\/2020\/11\/LOGOTIPO-PNG.png","contentUrl":"https:\/\/latinaja.es\/wp-content\/uploads\/2020\/11\/LOGOTIPO-PNG.png","width":1654,"height":1181,"caption":"Braseria La Tinaja Guadix"},"image":{"@id":"https:\/\/latinaja.es\/#\/schema\/logo\/image\/"},"sameAs":["https:\/\/www.facebook.com\/tinajaguadix\/","https:\/\/x.com\/tinaja_braseria","https:\/\/www.instagram.com\/tinajaguadix\/"]}]}},"_links":{"self":[{"href":"https:\/\/latinaja.es\/index.php\/wp-json\/wp\/v2\/pages\/1442"}],"collection":[{"href":"https:\/\/latinaja.es\/index.php\/wp-json\/wp\/v2\/pages"}],"about":[{"href":"https:\/\/latinaja.es\/index.php\/wp-json\/wp\/v2\/types\/page"}],"author":[{"embeddable":true,"href":"https:\/\/latinaja.es\/index.php\/wp-json\/wp\/v2\/users\/1"}],"replies":[{"embeddable":true,"href":"https:\/\/latinaja.es\/index.php\/wp-json\/wp\/v2\/comments?post=1442"}],"version-history":[{"count":16,"href":"https:\/\/latinaja.es\/index.php\/wp-json\/wp\/v2\/pages\/1442\/revisions"}],"predecessor-version":[{"id":1545,"href":"https:\/\/latinaja.es\/index.php\/wp-json\/wp\/v2\/pages\/1442\/revisions\/1545"}],"wp:attachment":[{"href":"https:\/\/latinaja.es\/index.php\/wp-json\/wp\/v2\/media?parent=1442"}],"curies":[{"name":"wp","href":"https:\/\/api.w.org\/{rel}","templated":true}]}}