{"id":646,"date":"2020-04-09T22:39:18","date_gmt":"2020-04-09T20:39:18","guid":{"rendered":"http:\/\/latinaja.es\/?page_id=646"},"modified":"2021-04-22T01:52:27","modified_gmt":"2021-04-21T23:52:27","slug":"carnes","status":"publish","type":"page","link":"https:\/\/latinaja.es\/index.php\/carnes\/","title":{"rendered":"Carnes"},"content":{"rendered":"<div id=\"pl-646\"  class=\"panel-layout\" ><div id=\"pg-646-0\"  class=\"panel-grid panel-no-style\" ><div id=\"pgc-646-0-0\"  class=\"panel-grid-cell\" ><div id=\"panel-646-0-0-0\" class=\"so-panel widget panel-first-child panel-last-child\" data-index=\"0\" ><\/div><\/div><\/div><\/div>","protected":false},"excerpt":{"rendered":"","protected":false},"author":1,"featured_media":0,"parent":0,"menu_order":0,"comment_status":"closed","ping_status":"closed","template":"","meta":{"footnotes":""},"class_list":["post-646","page","type-page","status-publish","hentry"],"yoast_head":"<!-- This site is optimized with the Yoast SEO plugin v24.9 - https:\/\/yoast.com\/wordpress\/plugins\/seo\/ -->\n<title>Carnes &#8212; Braseria La Tinaja<\/title>\n<meta name=\"description\" content=\"Aqu\u00ed tenemos una selecci\u00f3n de las mejores carnes certificadas, tanto a la brasa como cocinada en otras t\u00e9cnicas, como Sous Vide, horno, etc\" \/>\n<meta name=\"robots\" content=\"index, follow, max-snippet:-1, max-image-preview:large, max-video-preview:-1\" \/>\n<link rel=\"canonical\" href=\"https:\/\/latinaja.es\/index.php\/carnes\/\" \/>\n<meta property=\"og:locale\" content=\"es_ES\" \/>\n<meta property=\"og:type\" content=\"article\" \/>\n<meta property=\"og:title\" content=\"Carnes &#8212; Braseria La Tinaja\" \/>\n<meta property=\"og:description\" content=\"Aqu\u00ed tenemos una selecci\u00f3n de las mejores carnes certificadas, tanto a la brasa como cocinada en otras t\u00e9cnicas, como Sous Vide, horno, etc\" \/>\n<meta property=\"og:url\" content=\"https:\/\/latinaja.es\/index.php\/carnes\/\" \/>\n<meta property=\"og:site_name\" content=\"Braseria La Tinaja\" \/>\n<meta property=\"article:publisher\" content=\"https:\/\/www.facebook.com\/tinajaguadix\/\" \/>\n<meta property=\"article:modified_time\" content=\"2021-04-21T23:52:27+00:00\" \/>\n<meta name=\"twitter:card\" content=\"summary_large_image\" \/>\n<meta name=\"twitter:site\" content=\"@tinaja_braseria\" \/>\n<meta name=\"twitter:label1\" content=\"Tiempo de lectura\" \/>\n\t<meta name=\"twitter:data1\" content=\"1 minuto\" \/>\n<script type=\"application\/ld+json\" class=\"yoast-schema-graph\">{\"@context\":\"https:\/\/schema.org\",\"@graph\":[{\"@type\":\"WebPage\",\"@id\":\"https:\/\/latinaja.es\/index.php\/carnes\/\",\"url\":\"https:\/\/latinaja.es\/index.php\/carnes\/\",\"name\":\"Carnes &#8212; Braseria La Tinaja\",\"isPartOf\":{\"@id\":\"https:\/\/latinaja.es\/#website\"},\"datePublished\":\"2020-04-09T20:39:18+00:00\",\"dateModified\":\"2021-04-21T23:52:27+00:00\",\"description\":\"Aqu\u00ed tenemos una selecci\u00f3n de las mejores carnes certificadas, tanto a la brasa como cocinada en otras t\u00e9cnicas, como Sous Vide, horno, etc\",\"breadcrumb\":{\"@id\":\"https:\/\/latinaja.es\/index.php\/carnes\/#breadcrumb\"},\"inLanguage\":\"es\",\"potentialAction\":[{\"@type\":\"ReadAction\",\"target\":[\"https:\/\/latinaja.es\/index.php\/carnes\/\"]}]},{\"@type\":\"BreadcrumbList\",\"@id\":\"https:\/\/latinaja.es\/index.php\/carnes\/#breadcrumb\",\"itemListElement\":[{\"@type\":\"ListItem\",\"position\":1,\"name\":\"Portada\",\"item\":\"https:\/\/latinaja.es\/\"},{\"@type\":\"ListItem\",\"position\":2,\"name\":\"Carnes\"}]},{\"@type\":\"WebSite\",\"@id\":\"https:\/\/latinaja.es\/#website\",\"url\":\"https:\/\/latinaja.es\/\",\"name\":\"Braseria La Tinaja\",\"description\":\"Web del restaurante La Tinaja\",\"publisher\":{\"@id\":\"https:\/\/latinaja.es\/#organization\"},\"potentialAction\":[{\"@type\":\"SearchAction\",\"target\":{\"@type\":\"EntryPoint\",\"urlTemplate\":\"https:\/\/latinaja.es\/?s={search_term_string}\"},\"query-input\":{\"@type\":\"PropertyValueSpecification\",\"valueRequired\":true,\"valueName\":\"search_term_string\"}}],\"inLanguage\":\"es\"},{\"@type\":\"Organization\",\"@id\":\"https:\/\/latinaja.es\/#organization\",\"name\":\"Braseria La Tinaja Guadix\",\"url\":\"https:\/\/latinaja.es\/\",\"logo\":{\"@type\":\"ImageObject\",\"inLanguage\":\"es\",\"@id\":\"https:\/\/latinaja.es\/#\/schema\/logo\/image\/\",\"url\":\"https:\/\/latinaja.es\/wp-content\/uploads\/2020\/11\/LOGOTIPO-PNG.png\",\"contentUrl\":\"https:\/\/latinaja.es\/wp-content\/uploads\/2020\/11\/LOGOTIPO-PNG.png\",\"width\":1654,\"height\":1181,\"caption\":\"Braseria La Tinaja Guadix\"},\"image\":{\"@id\":\"https:\/\/latinaja.es\/#\/schema\/logo\/image\/\"},\"sameAs\":[\"https:\/\/www.facebook.com\/tinajaguadix\/\",\"https:\/\/x.com\/tinaja_braseria\",\"https:\/\/www.instagram.com\/tinajaguadix\/\"]}]}<\/script>\n<!-- \/ Yoast SEO plugin. -->","yoast_head_json":{"title":"Carnes &#8212; Braseria La Tinaja","description":"Aqu\u00ed tenemos una selecci\u00f3n de las mejores carnes certificadas, tanto a la brasa como cocinada en otras t\u00e9cnicas, como Sous Vide, horno, etc","robots":{"index":"index","follow":"follow","max-snippet":"max-snippet:-1","max-image-preview":"max-image-preview:large","max-video-preview":"max-video-preview:-1"},"canonical":"https:\/\/latinaja.es\/index.php\/carnes\/","og_locale":"es_ES","og_type":"article","og_title":"Carnes &#8212; Braseria La Tinaja","og_description":"Aqu\u00ed tenemos una selecci\u00f3n de las mejores carnes certificadas, tanto a la brasa como cocinada en otras t\u00e9cnicas, como Sous Vide, horno, etc","og_url":"https:\/\/latinaja.es\/index.php\/carnes\/","og_site_name":"Braseria La Tinaja","article_publisher":"https:\/\/www.facebook.com\/tinajaguadix\/","article_modified_time":"2021-04-21T23:52:27+00:00","twitter_card":"summary_large_image","twitter_site":"@tinaja_braseria","twitter_misc":{"Tiempo de lectura":"1 minuto"},"schema":{"@context":"https:\/\/schema.org","@graph":[{"@type":"WebPage","@id":"https:\/\/latinaja.es\/index.php\/carnes\/","url":"https:\/\/latinaja.es\/index.php\/carnes\/","name":"Carnes &#8212; Braseria La Tinaja","isPartOf":{"@id":"https:\/\/latinaja.es\/#website"},"datePublished":"2020-04-09T20:39:18+00:00","dateModified":"2021-04-21T23:52:27+00:00","description":"Aqu\u00ed tenemos una selecci\u00f3n de las mejores carnes certificadas, tanto a la brasa como cocinada en otras t\u00e9cnicas, como Sous Vide, horno, etc","breadcrumb":{"@id":"https:\/\/latinaja.es\/index.php\/carnes\/#breadcrumb"},"inLanguage":"es","potentialAction":[{"@type":"ReadAction","target":["https:\/\/latinaja.es\/index.php\/carnes\/"]}]},{"@type":"BreadcrumbList","@id":"https:\/\/latinaja.es\/index.php\/carnes\/#breadcrumb","itemListElement":[{"@type":"ListItem","position":1,"name":"Portada","item":"https:\/\/latinaja.es\/"},{"@type":"ListItem","position":2,"name":"Carnes"}]},{"@type":"WebSite","@id":"https:\/\/latinaja.es\/#website","url":"https:\/\/latinaja.es\/","name":"Braseria La Tinaja","description":"Web del restaurante La Tinaja","publisher":{"@id":"https:\/\/latinaja.es\/#organization"},"potentialAction":[{"@type":"SearchAction","target":{"@type":"EntryPoint","urlTemplate":"https:\/\/latinaja.es\/?s={search_term_string}"},"query-input":{"@type":"PropertyValueSpecification","valueRequired":true,"valueName":"search_term_string"}}],"inLanguage":"es"},{"@type":"Organization","@id":"https:\/\/latinaja.es\/#organization","name":"Braseria La Tinaja Guadix","url":"https:\/\/latinaja.es\/","logo":{"@type":"ImageObject","inLanguage":"es","@id":"https:\/\/latinaja.es\/#\/schema\/logo\/image\/","url":"https:\/\/latinaja.es\/wp-content\/uploads\/2020\/11\/LOGOTIPO-PNG.png","contentUrl":"https:\/\/latinaja.es\/wp-content\/uploads\/2020\/11\/LOGOTIPO-PNG.png","width":1654,"height":1181,"caption":"Braseria La Tinaja Guadix"},"image":{"@id":"https:\/\/latinaja.es\/#\/schema\/logo\/image\/"},"sameAs":["https:\/\/www.facebook.com\/tinajaguadix\/","https:\/\/x.com\/tinaja_braseria","https:\/\/www.instagram.com\/tinajaguadix\/"]}]}},"_links":{"self":[{"href":"https:\/\/latinaja.es\/index.php\/wp-json\/wp\/v2\/pages\/646"}],"collection":[{"href":"https:\/\/latinaja.es\/index.php\/wp-json\/wp\/v2\/pages"}],"about":[{"href":"https:\/\/latinaja.es\/index.php\/wp-json\/wp\/v2\/types\/page"}],"author":[{"embeddable":true,"href":"https:\/\/latinaja.es\/index.php\/wp-json\/wp\/v2\/users\/1"}],"replies":[{"embeddable":true,"href":"https:\/\/latinaja.es\/index.php\/wp-json\/wp\/v2\/comments?post=646"}],"version-history":[{"count":4,"href":"https:\/\/latinaja.es\/index.php\/wp-json\/wp\/v2\/pages\/646\/revisions"}],"predecessor-version":[{"id":1268,"href":"https:\/\/latinaja.es\/index.php\/wp-json\/wp\/v2\/pages\/646\/revisions\/1268"}],"wp:attachment":[{"href":"https:\/\/latinaja.es\/index.php\/wp-json\/wp\/v2\/media?parent=646"}],"curies":[{"name":"wp","href":"https:\/\/api.w.org\/{rel}","templated":true}]}}