{"id":723,"date":"2020-05-10T12:36:39","date_gmt":"2020-05-10T10:36:39","guid":{"rendered":"http:\/\/latinaja.es\/?page_id=723"},"modified":"2025-01-28T22:05:58","modified_gmt":"2025-01-28T21:05:58","slug":"km0","status":"publish","type":"page","link":"https:\/\/latinaja.es\/index.php\/km0\/","title":{"rendered":"KM0"},"content":{"rendered":"<div id=\"pl-723\"  class=\"panel-layout\" ><div id=\"pg-723-0\"  class=\"panel-grid panel-has-style\" ><div class=\"panel-row-style panel-row-style-for-723-0\" ><div id=\"pgc-723-0-0\"  class=\"panel-grid-cell\" ><div id=\"panel-723-0-0-0\" class=\"so-panel widget widget_siteorigin-panels-builder panel-first-child panel-last-child\" data-index=\"0\" ><div id=\"pl-w5eb7db7e80432\"  class=\"panel-layout\" ><div id=\"pg-w5eb7db7e80432-0\"  class=\"panel-grid panel-has-style\" ><div class=\"panel-row-style panel-row-style-for-w5eb7db7e80432-0\" ><div id=\"pgc-w5eb7db7e80432-0-0\"  class=\"panel-grid-cell\" ><div id=\"panel-w5eb7db7e80432-0-0-0\" class=\"so-panel widget widget_themegrill_flash_image tg-widget tg-image-widget panel-first-child\" data-index=\"0\" ><div class=\"panel-widget-style panel-widget-style-for-w5eb7db7e80432-0-0-0\" >\t<img decoding=\"async\" src=\"http:\/\/latinaja.es\/wp-content\/uploads\/2020\/03\/galeria-51.jpg\" \/>\n<\/div><\/div><div id=\"panel-w5eb7db7e80432-0-0-1\" class=\"so-panel widget widget_themegrill_flash_image tg-widget tg-image-widget panel-last-child\" data-index=\"1\" ><div class=\"panel-widget-style panel-widget-style-for-w5eb7db7e80432-0-0-1\" >\t<img decoding=\"async\" src=\"http:\/\/latinaja.es\/wp-content\/uploads\/2020\/05\/km0-0.jpg\" \/>\n<\/div><\/div><\/div><div id=\"pgc-w5eb7db7e80432-0-1\"  class=\"panel-grid-cell\" ><div id=\"panel-w5eb7db7e80432-0-1-0\" class=\"so-panel widget widget_text panel-first-child panel-last-child\" data-index=\"2\" ><h3 class=\"widget-title\">Qu\u00e9 son los productos de Km 0 o de cercania<\/h3>\t\t\t<div class=\"textwidget\"><p><strong>En Braseseria La Tinaja trabajamos con materia prima de la m\u00e1xima calidad, productos de temporada, de cercan\u00eda, pero \u00bfQu\u00e9 es son los \u201dproductos de KM 0\u201d.<\/strong><\/p>\n<p><strong>Piense en un tomate, dicho tomate podemos traerlo de Marruecos, con el coste de transporte a lo largo de los kil\u00f3metros de Marruecos aqu\u00ed y el C02 que emitimos mientras lo transportamos, tendremos que a\u00f1adirle pesticidas y qu\u00edmicos para que nos llegue, adem\u00e1s el beneficio econ\u00f3mico de la producci\u00f3n de los tomates ira a Marruecos y este a su vez nos enviara tomates de poca calidad para suplir los constes que conlleva el transporte en barco, manipulaci\u00f3n durante todo el trayecto, qu\u00edmicos, etc..<\/strong><\/p>\n<p><strong>Ahora bien, ese tomate en Braseria La Tinaja lo adquirimos de productores locales, productores de cercan\u00eda, donde se cultiva de forma sostenible, evitando contaminaci\u00f3n ya que lo recogemos casi directamente de la huerta, siendo mas natural ya que no necesita tantos qu\u00edmicos y adem\u00e1s estamos ayudando a nuestro vecino a salir adelante con su huerta.<\/strong><\/p>\n<p><strong>Eso es el KM 0, una filosof\u00eda de trabajo que prima la calidad y la sostenibilidad por encima del precio, y adem\u00e1s esta mas rico, \u00a1Que mas se puede pedir!<\/strong><\/p>\n<p><strong>En Braseria La Tinaja tratamos de que nuestros productos sean KM0, nuestro cordero segure\u00f1o con I.G.P., ternera de productores locales con una maduraci\u00f3n especial, nuestras setas de un pueblo cercano, huevos de granja y por supuesto nuestros productos de temporada, como habas las habas de Guadix muy apreciadas y que solo trabajamos en Mayo. <\/strong><\/p>\n<p><strong>Disfrute de los productos de temporada, los productos locales y adem\u00e1s sea participe de la mejora de la econom\u00eda local.<\/strong><\/p>\n<\/div>\n\t\t<\/div><\/div><\/div><\/div><div id=\"pg-w5eb7db7e80432-1\"  class=\"panel-grid panel-has-style\" ><div class=\"panel-row-style panel-row-style-for-w5eb7db7e80432-1\" ><div id=\"pgc-w5eb7db7e80432-1-0\"  class=\"panel-grid-cell\" ><div id=\"panel-w5eb7db7e80432-1-0-0\" class=\"so-panel widget widget_text panel-first-child panel-last-child\" data-index=\"3\" ><h3 class=\"widget-title\">Las ventajas que nos ofrece adquirir y fomentar la compra y producci\u00f3n de productos locales son:<\/h3>\t\t\t<div class=\"textwidget\"><ul class=\"bodyList bodyList--unordered\">\n<li class=\"bodyList__item\"><strong>Fomentamos <\/strong>la econom\u00eda local y ayudamos a los peque\u00f1os productores, que a menudo se ven obligados a competir contra grandes empresas y distribuidoras que imponen <strong>precios demasiado bajos<\/strong>.<\/li>\n<li class=\"bodyList__item\">Dado que las mercanc\u00edas solo\u00a0<strong>se mueven un m\u00e1ximo de 100km<\/strong>\u00a0desde su punto de origen el impacto medioambiental es mucho menor que si han de atravesar continentes y oc\u00e9anos.<\/li>\n<li class=\"bodyList__item\">Significa un\u00a0<strong>menor\u00a0<\/strong>gasto energ\u00e9tico y econ\u00f3mico en el transporte, por ende menos contaminaci\u00f3n.<\/li>\n<li class=\"bodyList__item\">Gastron\u00f3micamente implica que al venderse solo\u00a0<strong>productos de temporada<\/strong>\u00a0de \u00e1reas determinadas se fomente la producci\u00f3n de\u00a0<strong>platos t\u00edpicos estacionales.<\/strong><\/li>\n<li class=\"bodyList__item\">Ayuda a la conservaci\u00f3n de especies vegetales aut\u00f3ctonas.<\/li>\n<li class=\"bodyList__item\">Son productos que no han sido sometidos a tratamientos para retrasar su descomposici\u00f3n y por lo tanto est\u00e1n<strong> frescos y naturales.<\/strong><\/li>\n<\/ul>\n<\/div>\n\t\t<\/div><\/div><div id=\"pgc-w5eb7db7e80432-1-1\"  class=\"panel-grid-cell\" ><div id=\"panel-w5eb7db7e80432-1-1-0\" class=\"so-panel widget widget_themegrill_flash_image tg-widget tg-image-widget panel-first-child panel-last-child\" data-index=\"4\" >\t<img decoding=\"async\" src=\"http:\/\/latinaja.es\/wp-content\/uploads\/2020\/05\/kmo-0.jpg\" \/>\n<\/div><\/div><\/div><\/div><\/div><\/div><\/div><\/div><\/div><div id=\"pg-723-1\"  class=\"panel-grid panel-has-style\" ><div class=\"panel-row-style panel-row-style-for-723-1\" ><div id=\"pgc-723-1-0\"  class=\"panel-grid-cell\" ><div id=\"panel-723-1-0-0\" class=\"so-panel widget widget_themegrill_flash_cta tg-widget call-to-action-section panel-first-child panel-last-child\" data-index=\"1\" ><div class=\"cta-wrapper call-to-action-section-layout-1\">\n\t<div class=\"section-title-wrapper\">\n\t\t\t\t<h3 class=\"section-title\">Encargue su comida para llevar<\/h3>\n\t\t\t\t<h4 class=\"section-subtitle\">Pida aqu\u00ed<\/h4>\n\t\t\t<\/div>\n\t\t<div class=\"btn-wrapper\">\n\t\t\t\t<a class=\"btn\" href=\"https:\/\/wa.me\/+34629135673?text=urlencodedtext\">Pedir<\/a>\n\t\t\t\t\t<\/div>\n\t<\/div>\n<\/div><\/div><\/div><\/div><\/div>","protected":false},"excerpt":{"rendered":"<p>Qu\u00e9 son los productos de Km 0 o de cercania En Braseseria La Tinaja trabajamos con materia prima de la [&hellip;]<\/p>\n","protected":false},"author":1,"featured_media":0,"parent":0,"menu_order":0,"comment_status":"closed","ping_status":"closed","template":"","meta":{"footnotes":""},"class_list":["post-723","page","type-page","status-publish","hentry"],"yoast_head":"<!-- This site is optimized with the Yoast SEO plugin v24.9 - https:\/\/yoast.com\/wordpress\/plugins\/seo\/ -->\n<title>KM0 &#8212; Braseria La Tinaja<\/title>\n<meta name=\"robots\" content=\"index, follow, max-snippet:-1, max-image-preview:large, max-video-preview:-1\" \/>\n<link rel=\"canonical\" href=\"https:\/\/latinaja.es\/index.php\/km0\/\" \/>\n<meta property=\"og:locale\" content=\"es_ES\" \/>\n<meta property=\"og:type\" content=\"article\" \/>\n<meta property=\"og:title\" content=\"KM0 &#8212; Braseria La Tinaja\" \/>\n<meta property=\"og:description\" content=\"Qu\u00e9 son los productos de Km 0 o de cercania En Braseseria La Tinaja trabajamos con materia prima de la [&hellip;]\" \/>\n<meta property=\"og:url\" content=\"https:\/\/latinaja.es\/index.php\/km0\/\" \/>\n<meta property=\"og:site_name\" content=\"Braseria La Tinaja\" \/>\n<meta property=\"article:publisher\" content=\"https:\/\/www.facebook.com\/tinajaguadix\/\" \/>\n<meta property=\"article:modified_time\" content=\"2025-01-28T21:05:58+00:00\" \/>\n<meta name=\"twitter:card\" content=\"summary_large_image\" \/>\n<meta name=\"twitter:site\" content=\"@tinaja_braseria\" \/>\n<meta name=\"twitter:label1\" content=\"Tiempo de lectura\" \/>\n\t<meta name=\"twitter:data1\" content=\"3 minutos\" \/>\n<script type=\"application\/ld+json\" class=\"yoast-schema-graph\">{\"@context\":\"https:\/\/schema.org\",\"@graph\":[{\"@type\":\"WebPage\",\"@id\":\"https:\/\/latinaja.es\/index.php\/km0\/\",\"url\":\"https:\/\/latinaja.es\/index.php\/km0\/\",\"name\":\"KM0 &#8212; Braseria La Tinaja\",\"isPartOf\":{\"@id\":\"https:\/\/latinaja.es\/#website\"},\"datePublished\":\"2020-05-10T10:36:39+00:00\",\"dateModified\":\"2025-01-28T21:05:58+00:00\",\"breadcrumb\":{\"@id\":\"https:\/\/latinaja.es\/index.php\/km0\/#breadcrumb\"},\"inLanguage\":\"es\",\"potentialAction\":[{\"@type\":\"ReadAction\",\"target\":[\"https:\/\/latinaja.es\/index.php\/km0\/\"]}]},{\"@type\":\"BreadcrumbList\",\"@id\":\"https:\/\/latinaja.es\/index.php\/km0\/#breadcrumb\",\"itemListElement\":[{\"@type\":\"ListItem\",\"position\":1,\"name\":\"Portada\",\"item\":\"https:\/\/latinaja.es\/\"},{\"@type\":\"ListItem\",\"position\":2,\"name\":\"KM0\"}]},{\"@type\":\"WebSite\",\"@id\":\"https:\/\/latinaja.es\/#website\",\"url\":\"https:\/\/latinaja.es\/\",\"name\":\"Braseria La Tinaja\",\"description\":\"Web del restaurante La Tinaja\",\"publisher\":{\"@id\":\"https:\/\/latinaja.es\/#organization\"},\"potentialAction\":[{\"@type\":\"SearchAction\",\"target\":{\"@type\":\"EntryPoint\",\"urlTemplate\":\"https:\/\/latinaja.es\/?s={search_term_string}\"},\"query-input\":{\"@type\":\"PropertyValueSpecification\",\"valueRequired\":true,\"valueName\":\"search_term_string\"}}],\"inLanguage\":\"es\"},{\"@type\":\"Organization\",\"@id\":\"https:\/\/latinaja.es\/#organization\",\"name\":\"Braseria La Tinaja Guadix\",\"url\":\"https:\/\/latinaja.es\/\",\"logo\":{\"@type\":\"ImageObject\",\"inLanguage\":\"es\",\"@id\":\"https:\/\/latinaja.es\/#\/schema\/logo\/image\/\",\"url\":\"https:\/\/latinaja.es\/wp-content\/uploads\/2020\/11\/LOGOTIPO-PNG.png\",\"contentUrl\":\"https:\/\/latinaja.es\/wp-content\/uploads\/2020\/11\/LOGOTIPO-PNG.png\",\"width\":1654,\"height\":1181,\"caption\":\"Braseria La Tinaja Guadix\"},\"image\":{\"@id\":\"https:\/\/latinaja.es\/#\/schema\/logo\/image\/\"},\"sameAs\":[\"https:\/\/www.facebook.com\/tinajaguadix\/\",\"https:\/\/x.com\/tinaja_braseria\",\"https:\/\/www.instagram.com\/tinajaguadix\/\"]}]}<\/script>\n<!-- \/ Yoast SEO plugin. -->","yoast_head_json":{"title":"KM0 &#8212; Braseria La Tinaja","robots":{"index":"index","follow":"follow","max-snippet":"max-snippet:-1","max-image-preview":"max-image-preview:large","max-video-preview":"max-video-preview:-1"},"canonical":"https:\/\/latinaja.es\/index.php\/km0\/","og_locale":"es_ES","og_type":"article","og_title":"KM0 &#8212; Braseria La Tinaja","og_description":"Qu\u00e9 son los productos de Km 0 o de cercania En Braseseria La Tinaja trabajamos con materia prima de la [&hellip;]","og_url":"https:\/\/latinaja.es\/index.php\/km0\/","og_site_name":"Braseria La Tinaja","article_publisher":"https:\/\/www.facebook.com\/tinajaguadix\/","article_modified_time":"2025-01-28T21:05:58+00:00","twitter_card":"summary_large_image","twitter_site":"@tinaja_braseria","twitter_misc":{"Tiempo de lectura":"3 minutos"},"schema":{"@context":"https:\/\/schema.org","@graph":[{"@type":"WebPage","@id":"https:\/\/latinaja.es\/index.php\/km0\/","url":"https:\/\/latinaja.es\/index.php\/km0\/","name":"KM0 &#8212; Braseria La Tinaja","isPartOf":{"@id":"https:\/\/latinaja.es\/#website"},"datePublished":"2020-05-10T10:36:39+00:00","dateModified":"2025-01-28T21:05:58+00:00","breadcrumb":{"@id":"https:\/\/latinaja.es\/index.php\/km0\/#breadcrumb"},"inLanguage":"es","potentialAction":[{"@type":"ReadAction","target":["https:\/\/latinaja.es\/index.php\/km0\/"]}]},{"@type":"BreadcrumbList","@id":"https:\/\/latinaja.es\/index.php\/km0\/#breadcrumb","itemListElement":[{"@type":"ListItem","position":1,"name":"Portada","item":"https:\/\/latinaja.es\/"},{"@type":"ListItem","position":2,"name":"KM0"}]},{"@type":"WebSite","@id":"https:\/\/latinaja.es\/#website","url":"https:\/\/latinaja.es\/","name":"Braseria La Tinaja","description":"Web del restaurante La Tinaja","publisher":{"@id":"https:\/\/latinaja.es\/#organization"},"potentialAction":[{"@type":"SearchAction","target":{"@type":"EntryPoint","urlTemplate":"https:\/\/latinaja.es\/?s={search_term_string}"},"query-input":{"@type":"PropertyValueSpecification","valueRequired":true,"valueName":"search_term_string"}}],"inLanguage":"es"},{"@type":"Organization","@id":"https:\/\/latinaja.es\/#organization","name":"Braseria La Tinaja Guadix","url":"https:\/\/latinaja.es\/","logo":{"@type":"ImageObject","inLanguage":"es","@id":"https:\/\/latinaja.es\/#\/schema\/logo\/image\/","url":"https:\/\/latinaja.es\/wp-content\/uploads\/2020\/11\/LOGOTIPO-PNG.png","contentUrl":"https:\/\/latinaja.es\/wp-content\/uploads\/2020\/11\/LOGOTIPO-PNG.png","width":1654,"height":1181,"caption":"Braseria La Tinaja Guadix"},"image":{"@id":"https:\/\/latinaja.es\/#\/schema\/logo\/image\/"},"sameAs":["https:\/\/www.facebook.com\/tinajaguadix\/","https:\/\/x.com\/tinaja_braseria","https:\/\/www.instagram.com\/tinajaguadix\/"]}]}},"_links":{"self":[{"href":"https:\/\/latinaja.es\/index.php\/wp-json\/wp\/v2\/pages\/723"}],"collection":[{"href":"https:\/\/latinaja.es\/index.php\/wp-json\/wp\/v2\/pages"}],"about":[{"href":"https:\/\/latinaja.es\/index.php\/wp-json\/wp\/v2\/types\/page"}],"author":[{"embeddable":true,"href":"https:\/\/latinaja.es\/index.php\/wp-json\/wp\/v2\/users\/1"}],"replies":[{"embeddable":true,"href":"https:\/\/latinaja.es\/index.php\/wp-json\/wp\/v2\/comments?post=723"}],"version-history":[{"count":12,"href":"https:\/\/latinaja.es\/index.php\/wp-json\/wp\/v2\/pages\/723\/revisions"}],"predecessor-version":[{"id":1626,"href":"https:\/\/latinaja.es\/index.php\/wp-json\/wp\/v2\/pages\/723\/revisions\/1626"}],"wp:attachment":[{"href":"https:\/\/latinaja.es\/index.php\/wp-json\/wp\/v2\/media?parent=723"}],"curies":[{"name":"wp","href":"https:\/\/api.w.org\/{rel}","templated":true}]}}