{"id":791,"date":"2020-05-10T19:05:39","date_gmt":"2020-05-10T17:05:39","guid":{"rendered":"http:\/\/latinaja.es\/?page_id=791"},"modified":"2022-04-27T18:30:45","modified_gmt":"2022-04-27T16:30:45","slug":"nuestra-historia","status":"publish","type":"page","link":"https:\/\/latinaja.es\/index.php\/nuestra-historia\/","title":{"rendered":"Nuestra historia"},"content":{"rendered":"<div id=\"pl-791\"  class=\"panel-layout\" ><div id=\"pg-791-0\"  class=\"panel-grid panel-has-style\" ><div class=\"panel-row-style panel-row-style-for-791-0\" ><div id=\"pgc-791-0-0\"  class=\"panel-grid-cell\" ><div id=\"panel-791-0-0-0\" class=\"so-panel widget widget_siteorigin-panels-builder panel-first-child panel-last-child\" data-index=\"0\" ><div id=\"pl-w62696ee9eb21b\"  class=\"panel-layout\" ><div id=\"pg-w62696ee9eb21b-0\"  class=\"panel-grid panel-no-style\" ><div id=\"pgc-w62696ee9eb21b-0-0\"  class=\"panel-grid-cell\" ><div id=\"panel-w62696ee9eb21b-0-0-0\" class=\"so-panel widget widget_media_image panel-first-child panel-last-child\" data-index=\"0\" ><h3 class=\"widget-title\">Nuestra antigua decoracion<\/h3><img loading=\"lazy\" decoding=\"async\" width=\"300\" height=\"180\" src=\"https:\/\/latinaja.es\/wp-content\/uploads\/2020\/05\/braseria-la-tinaja-guadix-300x180.jpg\" class=\"image wp-image-792  attachment-medium size-medium\" alt=\"\" style=\"max-width: 100%; height: auto;\" srcset=\"https:\/\/latinaja.es\/wp-content\/uploads\/2020\/05\/braseria-la-tinaja-guadix-300x180.jpg 300w, https:\/\/latinaja.es\/wp-content\/uploads\/2020\/05\/braseria-la-tinaja-guadix.jpg 550w\" sizes=\"(max-width: 300px) 100vw, 300px\" \/><\/div><\/div><div id=\"pgc-w62696ee9eb21b-0-1\"  class=\"panel-grid-cell\" ><div id=\"panel-w62696ee9eb21b-0-1-0\" class=\"so-panel widget widget_media_image panel-first-child panel-last-child\" data-index=\"1\" ><h3 class=\"widget-title\">Antigua fachada<\/h3><img loading=\"lazy\" decoding=\"async\" width=\"165\" height=\"165\" src=\"https:\/\/latinaja.es\/wp-content\/uploads\/2020\/05\/FOTOEDIT.gif\" class=\"image wp-image-793  attachment-full size-full\" alt=\"\" style=\"max-width: 100%; height: auto;\" \/><\/div><\/div><div id=\"pgc-w62696ee9eb21b-0-2\"  class=\"panel-grid-cell\" ><div id=\"panel-w62696ee9eb21b-0-2-0\" class=\"so-panel widget widget_text panel-first-child panel-last-child\" data-index=\"2\" ><h3 class=\"widget-title\">La historia de nuestro restaurante<\/h3>\t\t\t<div class=\"textwidget\"><p style=\"background: white; vertical-align: baseline; margin: 0cm 0cm 22.5pt 0cm;\"><span style=\"font-size: 10.5pt; font-family: Montserrat; color: #333333;\">El d\u00eda de \u00abSan Ant\u00f3n\u00bb de 1998 Braseria La Tinaja abri\u00f3 sus puertas, era el sue\u00f1o de su fundador Jos\u00e9 P\u00e9rez Moreno, un apasionado del vino y la gastronom\u00eda que quer\u00eda ofrecer a sus paisanos su buen hacer y sus magn\u00edficos caldos de mosto (Vino del pa\u00eds, o vino casero).<\/span><\/p>\n<p style=\"background: white; vertical-align: baseline; box-sizing: border-box; outline: 0px; word-break: break-word; font-variant-ligatures: normal; font-variant-caps: normal; orphans: 2; text-align: start; widows: 2; -webkit-text-stroke-width: 0px; text-decoration-thickness: initial; text-decoration-style: initial; text-decoration-color: initial; word-spacing: 0px; margin: 0cm 0cm 22.5pt 0cm;\"><span style=\"font-size: 10.5pt; font-family: Montserrat; color: #333333;\">As\u00ed pues Jos\u00e9 se decidi\u00f3 a montar una peque\u00f1a tasca donde compartir todo esto, elaborando su propio \u00abmosto\u00bb con uvas tra\u00eddas de Murcia y el Laujar de Almer\u00eda, pronto destaco en toda la comarca por la calidad de su \u00abmosto\u00bb y de sus platos, qued\u00e1ndose las instalaciones iniciales peque\u00f1as en poco tiempo.<\/span><\/p>\n<\/div>\n\t\t<\/div><\/div><\/div><div id=\"pg-w62696ee9eb21b-1\"  class=\"panel-grid panel-no-style\" ><div id=\"pgc-w62696ee9eb21b-1-0\"  class=\"panel-grid-cell\" ><div id=\"panel-w62696ee9eb21b-1-0-0\" class=\"so-panel widget widget_text panel-first-child panel-last-child\" data-index=\"3\" ><h3 class=\"widget-title\">Fundador de Braseria La Tinaja<\/h3>\t\t\t<div class=\"textwidget\"><p>El d\u00eda 11 de Abril de 2021 despu\u00e9s de una larga lucha contra el c\u00e1ncer falleci\u00f3 nuestro fundador Jos\u00e9 P\u00e9rez Moreno, lamentablemente se march\u00f3 muy joven y nos dej\u00f3 un vac\u00edo que es imposible llenar.<\/p>\n<p>Desde aqu\u00ed estamos muy agradecidos por todos sus sabios consejos, sus palabras, su dedicaci\u00f3n y su cari\u00f1o.<br \/>\nSeguimos su senda de cultivar la atenci\u00f3n al cliente, trabajar con el mejor producto y por supuesto respetar dicho producto.<\/p>\n<p>Agradecimientos por la foto a Jean-Pierre LIEGEOIS.<\/p>\n<\/div>\n\t\t<\/div><\/div><div id=\"pgc-w62696ee9eb21b-1-1\"  class=\"panel-grid-cell\" ><div id=\"panel-w62696ee9eb21b-1-1-0\" class=\"so-panel widget widget_themegrill_flash_image tg-widget tg-image-widget panel-first-child panel-last-child\" data-index=\"4\" >\t<img decoding=\"async\" src=\"https:\/\/latinaja.es\/wp-content\/uploads\/2022\/04\/jose-perez-moreno.jpg\" \/>\n<\/div><\/div><\/div><div id=\"pg-w62696ee9eb21b-2\"  class=\"panel-grid panel-no-style\" ><div id=\"pgc-w62696ee9eb21b-2-0\"  class=\"panel-grid-cell\" ><div id=\"panel-w62696ee9eb21b-2-0-0\" class=\"so-panel widget widget_media_image panel-first-child panel-last-child\" data-index=\"5\" ><h3 class=\"widget-title\">La terraza antes de la ultima reforma<\/h3><figure style=\"width: 800px\" class=\"wp-caption alignnone\"><img loading=\"lazy\" decoding=\"async\" width=\"800\" height=\"494\" src=\"https:\/\/latinaja.es\/wp-content\/uploads\/2022\/04\/terraza-antigua.jpg\" class=\"image wp-image-1431  attachment-full size-full\" alt=\"Terraza antigua\" style=\"max-width: 100%; height: auto;\" title=\"La terraza antes de la ultima reforma\" srcset=\"https:\/\/latinaja.es\/wp-content\/uploads\/2022\/04\/terraza-antigua.jpg 800w, https:\/\/latinaja.es\/wp-content\/uploads\/2022\/04\/terraza-antigua-300x185.jpg 300w, https:\/\/latinaja.es\/wp-content\/uploads\/2022\/04\/terraza-antigua-768x474.jpg 768w\" sizes=\"(max-width: 800px) 100vw, 800px\" \/><figcaption class=\"wp-caption-text\">Terraza antigua<\/figcaption><\/figure><\/div><\/div><div id=\"pgc-w62696ee9eb21b-2-1\"  class=\"panel-grid-cell\" ><div id=\"panel-w62696ee9eb21b-2-1-0\" class=\"so-panel widget widget_text panel-first-child panel-last-child\" data-index=\"6\" >\t\t\t<div class=\"textwidget\"><p>Realizando varias reformas y ampliaciones llegamos a lo que hoy conocemos como \u00abBraseria La Tinaja\u00bb, madurando de \u00abTasca\u00bb a restaurante de m\u00e1xima calidad, siendo un referente en toda la comarca y provincias lim\u00edtrofes.<\/p>\n<p>Desde nuestros comienzos nos hemos caracterizado por ser una gran familia y ese es el trato que le otorgamos al cliente, cocina tradicional con productos de cercan\u00eda son nuestras se\u00f1as de identidad desde que comenz\u00f3 nuestra andadura.<\/p>\n<p>A d\u00eda de hoy somos una gran plantilla donde nuestros fundadores Jos\u00e9 P\u00e9rez Moreno y Encarnaci\u00f3n Hern\u00e1ndez Grande ya se han retirado y realizan labores de asesoramiento y donde su hijo Mario P\u00e9rez continua d\u00eda a d\u00eda aplicando todo lo que aprendi\u00f3 de sus padres para seguir siendo un ejemplo de calidad y profesionalidad.<\/p>\n<p>Desde los primeros d\u00edas de aquel a\u00f1o 1998, con todo el trabajo duro que hemos pasado hasta nuestros d\u00edas, con \u00ab<em><b>show\u00a0cooking\u00bb\u00a0<\/b><\/em>en Granada, Guadix e incluso Fitur en Madrid, no hemos perdido ni un \u00e1pice de calidad ni de sabor tradicional, debido a que sencillamente, amamos la cocina, la respetamos, la mimamos y hemos tenido la mejor escuela:<\/p>\n<p>\u00abTiempo y tradici\u00f3n\u00bb<\/p>\n<\/div>\n\t\t<\/div><\/div><\/div><\/div><\/div><\/div><\/div><\/div><div id=\"pg-791-1\"  class=\"panel-grid panel-has-style\" ><div class=\"panel-row-style panel-row-style-for-791-1\" ><div id=\"pgc-791-1-0\"  class=\"panel-grid-cell\" ><div id=\"panel-791-1-0-0\" class=\"so-panel widget widget_themegrill_flash_about tg-widget tg-about-widget about-section panel-first-child panel-last-child\" data-index=\"1\" ><div class=\"tg-column-wrapper\">\n\t<div class=\"about-content-wrapper tg-column-2\">\n\t\t\t\t<h3 class=\"section-title\">Reservar mesa<\/h3>\n\t\t\t\t\t\t<div class=\"section-description\">Llame por tel\u00e9fono al 958662877 o al 629135673 para efectuar su reserva<\/div>\n\t\t\t\t\t<\/div>\n\t<\/div>\n<\/div><\/div><div id=\"pgc-791-1-1\"  class=\"panel-grid-cell\" ><div id=\"panel-791-1-1-0\" class=\"so-panel widget widget_text panel-first-child panel-last-child\" data-index=\"2\" ><h3 class=\"widget-title\">ERA POST COVID 19<\/h3>\t\t\t<div class=\"textwidget\"><p>Desinfectamos 4 veces al d\u00eda para mayor seguridad<\/p>\n<\/div>\n\t\t<\/div><\/div><\/div><\/div><\/div>","protected":false},"excerpt":{"rendered":"<p>Desinfectamos 4 veces al d\u00eda para mayor seguridad<\/p>\n","protected":false},"author":1,"featured_media":0,"parent":0,"menu_order":0,"comment_status":"closed","ping_status":"closed","template":"","meta":{"footnotes":""},"class_list":["post-791","page","type-page","status-publish","hentry"],"yoast_head":"<!-- This site is optimized with the Yoast SEO plugin v24.9 - https:\/\/yoast.com\/wordpress\/plugins\/seo\/ -->\n<title>Nuestra historia &#8212; Braseria La Tinaja<\/title>\n<meta name=\"robots\" content=\"index, follow, max-snippet:-1, max-image-preview:large, max-video-preview:-1\" \/>\n<link rel=\"canonical\" href=\"https:\/\/latinaja.es\/index.php\/nuestra-historia\/\" \/>\n<meta property=\"og:locale\" content=\"es_ES\" \/>\n<meta property=\"og:type\" content=\"article\" \/>\n<meta property=\"og:title\" content=\"Nuestra historia &#8212; Braseria La Tinaja\" \/>\n<meta property=\"og:description\" content=\"Desinfectamos 4 veces al d\u00eda para mayor seguridad\" \/>\n<meta property=\"og:url\" content=\"https:\/\/latinaja.es\/index.php\/nuestra-historia\/\" \/>\n<meta property=\"og:site_name\" content=\"Braseria La Tinaja\" \/>\n<meta property=\"article:publisher\" content=\"https:\/\/www.facebook.com\/tinajaguadix\/\" \/>\n<meta property=\"article:modified_time\" content=\"2022-04-27T16:30:45+00:00\" \/>\n<meta name=\"twitter:card\" content=\"summary_large_image\" \/>\n<meta name=\"twitter:site\" content=\"@tinaja_braseria\" \/>\n<meta name=\"twitter:label1\" content=\"Tiempo de lectura\" \/>\n\t<meta name=\"twitter:data1\" content=\"2 minutos\" \/>\n<script type=\"application\/ld+json\" class=\"yoast-schema-graph\">{\"@context\":\"https:\/\/schema.org\",\"@graph\":[{\"@type\":\"WebPage\",\"@id\":\"https:\/\/latinaja.es\/index.php\/nuestra-historia\/\",\"url\":\"https:\/\/latinaja.es\/index.php\/nuestra-historia\/\",\"name\":\"Nuestra historia &#8212; Braseria La Tinaja\",\"isPartOf\":{\"@id\":\"https:\/\/latinaja.es\/#website\"},\"datePublished\":\"2020-05-10T17:05:39+00:00\",\"dateModified\":\"2022-04-27T16:30:45+00:00\",\"breadcrumb\":{\"@id\":\"https:\/\/latinaja.es\/index.php\/nuestra-historia\/#breadcrumb\"},\"inLanguage\":\"es\",\"potentialAction\":[{\"@type\":\"ReadAction\",\"target\":[\"https:\/\/latinaja.es\/index.php\/nuestra-historia\/\"]}]},{\"@type\":\"BreadcrumbList\",\"@id\":\"https:\/\/latinaja.es\/index.php\/nuestra-historia\/#breadcrumb\",\"itemListElement\":[{\"@type\":\"ListItem\",\"position\":1,\"name\":\"Portada\",\"item\":\"https:\/\/latinaja.es\/\"},{\"@type\":\"ListItem\",\"position\":2,\"name\":\"Nuestra historia\"}]},{\"@type\":\"WebSite\",\"@id\":\"https:\/\/latinaja.es\/#website\",\"url\":\"https:\/\/latinaja.es\/\",\"name\":\"Braseria La Tinaja\",\"description\":\"Web del restaurante La Tinaja\",\"publisher\":{\"@id\":\"https:\/\/latinaja.es\/#organization\"},\"potentialAction\":[{\"@type\":\"SearchAction\",\"target\":{\"@type\":\"EntryPoint\",\"urlTemplate\":\"https:\/\/latinaja.es\/?s={search_term_string}\"},\"query-input\":{\"@type\":\"PropertyValueSpecification\",\"valueRequired\":true,\"valueName\":\"search_term_string\"}}],\"inLanguage\":\"es\"},{\"@type\":\"Organization\",\"@id\":\"https:\/\/latinaja.es\/#organization\",\"name\":\"Braseria La Tinaja Guadix\",\"url\":\"https:\/\/latinaja.es\/\",\"logo\":{\"@type\":\"ImageObject\",\"inLanguage\":\"es\",\"@id\":\"https:\/\/latinaja.es\/#\/schema\/logo\/image\/\",\"url\":\"https:\/\/latinaja.es\/wp-content\/uploads\/2020\/11\/LOGOTIPO-PNG.png\",\"contentUrl\":\"https:\/\/latinaja.es\/wp-content\/uploads\/2020\/11\/LOGOTIPO-PNG.png\",\"width\":1654,\"height\":1181,\"caption\":\"Braseria La Tinaja Guadix\"},\"image\":{\"@id\":\"https:\/\/latinaja.es\/#\/schema\/logo\/image\/\"},\"sameAs\":[\"https:\/\/www.facebook.com\/tinajaguadix\/\",\"https:\/\/x.com\/tinaja_braseria\",\"https:\/\/www.instagram.com\/tinajaguadix\/\"]}]}<\/script>\n<!-- \/ Yoast SEO plugin. -->","yoast_head_json":{"title":"Nuestra historia &#8212; Braseria La Tinaja","robots":{"index":"index","follow":"follow","max-snippet":"max-snippet:-1","max-image-preview":"max-image-preview:large","max-video-preview":"max-video-preview:-1"},"canonical":"https:\/\/latinaja.es\/index.php\/nuestra-historia\/","og_locale":"es_ES","og_type":"article","og_title":"Nuestra historia &#8212; Braseria La Tinaja","og_description":"Desinfectamos 4 veces al d\u00eda para mayor seguridad","og_url":"https:\/\/latinaja.es\/index.php\/nuestra-historia\/","og_site_name":"Braseria La Tinaja","article_publisher":"https:\/\/www.facebook.com\/tinajaguadix\/","article_modified_time":"2022-04-27T16:30:45+00:00","twitter_card":"summary_large_image","twitter_site":"@tinaja_braseria","twitter_misc":{"Tiempo de lectura":"2 minutos"},"schema":{"@context":"https:\/\/schema.org","@graph":[{"@type":"WebPage","@id":"https:\/\/latinaja.es\/index.php\/nuestra-historia\/","url":"https:\/\/latinaja.es\/index.php\/nuestra-historia\/","name":"Nuestra historia &#8212; Braseria La Tinaja","isPartOf":{"@id":"https:\/\/latinaja.es\/#website"},"datePublished":"2020-05-10T17:05:39+00:00","dateModified":"2022-04-27T16:30:45+00:00","breadcrumb":{"@id":"https:\/\/latinaja.es\/index.php\/nuestra-historia\/#breadcrumb"},"inLanguage":"es","potentialAction":[{"@type":"ReadAction","target":["https:\/\/latinaja.es\/index.php\/nuestra-historia\/"]}]},{"@type":"BreadcrumbList","@id":"https:\/\/latinaja.es\/index.php\/nuestra-historia\/#breadcrumb","itemListElement":[{"@type":"ListItem","position":1,"name":"Portada","item":"https:\/\/latinaja.es\/"},{"@type":"ListItem","position":2,"name":"Nuestra historia"}]},{"@type":"WebSite","@id":"https:\/\/latinaja.es\/#website","url":"https:\/\/latinaja.es\/","name":"Braseria La Tinaja","description":"Web del restaurante La Tinaja","publisher":{"@id":"https:\/\/latinaja.es\/#organization"},"potentialAction":[{"@type":"SearchAction","target":{"@type":"EntryPoint","urlTemplate":"https:\/\/latinaja.es\/?s={search_term_string}"},"query-input":{"@type":"PropertyValueSpecification","valueRequired":true,"valueName":"search_term_string"}}],"inLanguage":"es"},{"@type":"Organization","@id":"https:\/\/latinaja.es\/#organization","name":"Braseria La Tinaja Guadix","url":"https:\/\/latinaja.es\/","logo":{"@type":"ImageObject","inLanguage":"es","@id":"https:\/\/latinaja.es\/#\/schema\/logo\/image\/","url":"https:\/\/latinaja.es\/wp-content\/uploads\/2020\/11\/LOGOTIPO-PNG.png","contentUrl":"https:\/\/latinaja.es\/wp-content\/uploads\/2020\/11\/LOGOTIPO-PNG.png","width":1654,"height":1181,"caption":"Braseria La Tinaja Guadix"},"image":{"@id":"https:\/\/latinaja.es\/#\/schema\/logo\/image\/"},"sameAs":["https:\/\/www.facebook.com\/tinajaguadix\/","https:\/\/x.com\/tinaja_braseria","https:\/\/www.instagram.com\/tinajaguadix\/"]}]}},"_links":{"self":[{"href":"https:\/\/latinaja.es\/index.php\/wp-json\/wp\/v2\/pages\/791"}],"collection":[{"href":"https:\/\/latinaja.es\/index.php\/wp-json\/wp\/v2\/pages"}],"about":[{"href":"https:\/\/latinaja.es\/index.php\/wp-json\/wp\/v2\/types\/page"}],"author":[{"embeddable":true,"href":"https:\/\/latinaja.es\/index.php\/wp-json\/wp\/v2\/users\/1"}],"replies":[{"embeddable":true,"href":"https:\/\/latinaja.es\/index.php\/wp-json\/wp\/v2\/comments?post=791"}],"version-history":[{"count":27,"href":"https:\/\/latinaja.es\/index.php\/wp-json\/wp\/v2\/pages\/791\/revisions"}],"predecessor-version":[{"id":1474,"href":"https:\/\/latinaja.es\/index.php\/wp-json\/wp\/v2\/pages\/791\/revisions\/1474"}],"wp:attachment":[{"href":"https:\/\/latinaja.es\/index.php\/wp-json\/wp\/v2\/media?parent=791"}],"curies":[{"name":"wp","href":"https:\/\/api.w.org\/{rel}","templated":true}]}}